{"id":143,"date":"2021-01-21T05:23:00","date_gmt":"2021-01-21T05:23:00","guid":{"rendered":"http:\/\/emprendemas.mx\/?page_id=143"},"modified":"2026-02-07T23:56:28","modified_gmt":"2026-02-07T23:56:28","slug":"nosotros-1","status":"publish","type":"page","link":"https:\/\/emprendemas.mx\/index.php\/nosotros-1\/","title":{"rendered":"Nosotros 2"},"content":{"rendered":"\n    \n    <section class=\"skrollable u-clearfix u-image u-parallax u-shading u-section-2\" id=\"sec-a1aa\" data-image-width=\"1280\" data-image-height=\"853\" style=\"background-image: linear-gradient(0deg, rgba(0, 0, 0, 0.55), rgba(0, 0, 0, 0.55)), url(&quot;https:\/\/emprendemas.mx\/wp-content\/uploads\/2021\/01\/ded275c310b758685d17860d70f36b101ff3bcb9eb9e79de0c085f250f30e94efe44e26b8af0adf3bcc7e2efc3cf7607f09c669707c6f402453a6e_1280.jpg&quot;);\">\n      <div class=\"u-clearfix u-sheet u-sheet-1\">\n        <div class=\"u-align-justify u-container-style u-expanded-width u-group u-shape-rectangle u-group-1\">\n          <div class=\"u-container-layout u-valign-top-xs u-container-layout-1\">\n            <p class=\"u-custom-font u-font-montserrat u-large-text u-text u-text-body-alt-color u-text-variant u-text-1\" data-animation-name=\"lightSpeedIn\" data-animation-duration=\"1000\" data-animation-delay=\"0\" data-animation-direction=\"\"> Somos una instituci\u00f3n financiera que se constituy\u00f3 en diciembre de 2015. En agosto de 2019, experimentamos un cambio de administraci\u00f3n y adoptamos un nuevo enfoque. Este cambio surgi\u00f3 de la inquietud de un grupo de profesionales con m\u00e1s de 20 a\u00f1os de experiencia en los sectores administrativo y financiero. Se reunieron con el objetivo de brindar un servicio diferenciado y especializado en el mercado de cr\u00e9ditos en M\u00e9xico.&nbsp;<br>\n              <br>Aprovechamos la vasta experiencia y conocimiento de nuestro equipo, utilizando sus perfiles y especializaciones \u00fanicos.&nbsp;<br>\n              <br>EMPRENDE M\u00c1S es una financiera debidamente autorizada por la CNBV y CONDUSEF.&nbsp; Nos sometemos a auditor\u00edas anuales para cumplir con los requisitos de Prevenci\u00f3n del Lavado de Dinero.<br>\n            <\/p>\n          <\/div>\n        <\/div>\n        <div class=\"u-custom-color-1 u-shape u-shape-rectangle u-shape-1\" data-animation-name=\"flipIn\" data-animation-duration=\"1000\" data-animation-delay=\"0\" data-animation-direction=\"X\"><\/div>\n      <\/div>\n    <\/section>\n    <section class=\"u-clearfix u-custom-color-1 u-section-3\" id=\"sec-d6c6\">\n      <div class=\"u-clearfix u-sheet u-sheet-1\"><\/div>\n    <\/section>\n    <section class=\"skrollable u-clearfix u-image u-parallax u-section-4\" id=\"carousel_5811\" data-image-width=\"1280\" data-image-height=\"853\" style=\"background-image: url(&quot;https:\/\/emprendemas.mx\/wp-content\/uploads\/2021\/02\/53acc4b399ca5853430eb0a4e13d4c3b9a381d51fc6d3ff2079332cda344599e3f4f5e9442464341c228eea00abb8d330b3119c6779beed7480192_1280.jpg&quot;);\">\n      <div class=\"u-clearfix u-sheet u-sheet-1\">\n        <div class=\"u-container-style u-expanded-width u-group u-shape-rectangle u-group-1\">\n          <div class=\"u-container-layout u-container-layout-1\">\n            <img decoding=\"async\" src=\"https:\/\/emprendemas.mx\/wp-content\/uploads\/2021\/01\/patternsmallgold-1.png\" alt=\"\" class=\"u-image u-image-default u-preserve-proportions u-image-1\" data-image-width=\"400\" data-image-height=\"400\" data-animation-name=\"zoomIn\" data-animation-duration=\"1000\" data-animation-delay=\"0\" data-animation-direction=\"Down\">\n            <h1 class=\"u-custom-font u-text u-text-body-alt-color u-title u-text-1\" data-animation-name=\"flipIn\" data-animation-duration=\"1000\" data-animation-delay=\"0\" data-animation-direction=\"X\">Misi\u00f3n.<\/h1>\n            <div class=\"u-custom-color-2 u-shape u-shape-rectangle u-shape-1\" data-animation-name=\"zoomIn\" data-animation-duration=\"1000\" data-animation-delay=\"0\" data-animation-direction=\"\"><\/div>\n            <div class=\"u-align-justify u-container-style u-custom-color-2 u-expanded-width-xs u-group u-shape-rectangle u-group-2\">\n              <div class=\"u-container-layout u-container-layout-2\">\n                <h1 class=\"u-custom-font u-text u-text-custom-color-1 u-title u-text-2\">Misi\u00f3n<\/h1>\n                <p class=\"u-custom-font u-large-text u-text u-text-body-alt-color u-text-variant u-text-3\" data-animation-name=\"lightSpeedIn\" data-animation-duration=\"1000\" data-animation-delay=\"0\" data-animation-direction=\"\">Ser una instituci\u00f3n&nbsp; financiera que&nbsp; apoye, impulse y contribuya al desarrollo econ\u00f3mico de las familias y empresas de M\u00e9xico,&nbsp; mejorando as\u00ed su calidad de vida, a trav\u00e9s de diversos productos y servicios financieros que ofrecemos.<\/p>\n              <\/div>\n            <\/div>\n          <\/div>\n        <\/div>\n      <\/div>\n    <\/section>\n    <section class=\"u-clearfix u-custom-color-1 u-section-5\" id=\"sec-1b6b\">\n      <div class=\"u-clearfix u-sheet u-valign-middle u-sheet-1\">\n        <h1 class=\"u-align-center u-custom-font u-font-montserrat u-text u-text-custom-color-2 u-title u-text-1\">M\u00e1s que una FINANCIERA,<br>SOMOS T\u00da ALIADO. \n        <\/h1>\n      <\/div>\n    <\/section>\n    <section class=\"skrollable u-clearfix u-image u-parallax u-shading u-section-6\" id=\"carousel_7f60\" data-image-width=\"1280\" data-image-height=\"855\" style=\"background-image: linear-gradient(0deg, rgba(0, 0, 0, 0.2), rgba(0, 0, 0, 0.2)), url(&quot;https:\/\/emprendemas.mx\/wp-content\/uploads\/2021\/01\/adc497b5d8f3a4296544f96d18e61de5c940c78f966a6a38d44a20a27e19a75e4982c9a10ccf2ce53cbf63a4f4d180410e70808295d37635485a47_1280.jpg&quot;);\">\n      <div class=\"u-clearfix u-sheet u-sheet-1\">\n        <div class=\"u-container-style u-expanded-width u-group u-shape-rectangle u-group-1\">\n          <div class=\"u-container-layout u-container-layout-1\">\n            <div class=\"u-container-style u-expanded-width-sm u-expanded-width-xs u-group u-shape-rectangle u-white u-group-2\">\n              <div class=\"u-container-layout u-valign-top-lg u-valign-top-md u-valign-top-sm u-valign-top-xl u-container-layout-2\">\n                <h1 class=\"u-custom-font u-text u-text-custom-color-1 u-title u-text-1\">Visi\u00f3n<\/h1>\n                <p class=\"u-align-justify u-custom-font u-text u-text-custom-color-2 u-text-2\">Consolidarnos como una de las mejores alternativas en&nbsp; la prestaci\u00f3n de productos y servicios financieros,&nbsp; apoyados por&nbsp; herramientas tecnolog\u00edas innovadoras, que permitan brindar una r\u00e1pida, segura y eficaz respuesta a nuestros clientes.<\/p>\n              <\/div>\n            <\/div>\n            <img decoding=\"async\" src=\"https:\/\/emprendemas.mx\/wp-content\/uploads\/2021\/01\/2006827587-0.png\" alt=\"\" class=\"u-expanded-width-xs u-image u-image-default u-image-1\" data-image-width=\"500\" data-image-height=\"315\">\n          <\/div>\n        <\/div>\n      <\/div>\n    <\/section>\n    \n    \n    \n    \n  \n","protected":false},"excerpt":{"rendered":"<p>Somos una instituci\u00f3n financiera que se constituy\u00f3 en diciembre de 2015. En agosto de 2019, experimentamos un cambio de administraci\u00f3n y adoptamos un nuevo enfoque. Este cambio surgi\u00f3 de la inquietud de un grupo de profesionales con m\u00e1s de 20 a\u00f1os de experiencia en los sectores administrativo y financiero. Se reunieron con el objetivo de &hellip; <a href=\"https:\/\/emprendemas.mx\/index.php\/nosotros-1\/\" class=\"more-link\">Continue reading<span class=\"screen-reader-text\"> &#8220;Nosotros 2&#8221;<\/span><\/a><\/p>\n","protected":false},"author":1,"featured_media":0,"parent":0,"menu_order":0,"comment_status":"closed","ping_status":"closed","template":"","meta":{"_joinchat":[],"footnotes":""},"class_list":["post-143","page","type-page","status-publish","hentry"],"_links":{"self":[{"href":"https:\/\/emprendemas.mx\/index.php\/wp-json\/wp\/v2\/pages\/143","targetHints":{"allow":["GET"]}}],"collection":[{"href":"https:\/\/emprendemas.mx\/index.php\/wp-json\/wp\/v2\/pages"}],"about":[{"href":"https:\/\/emprendemas.mx\/index.php\/wp-json\/wp\/v2\/types\/page"}],"author":[{"embeddable":true,"href":"https:\/\/emprendemas.mx\/index.php\/wp-json\/wp\/v2\/users\/1"}],"replies":[{"embeddable":true,"href":"https:\/\/emprendemas.mx\/index.php\/wp-json\/wp\/v2\/comments?post=143"}],"version-history":[{"count":13,"href":"https:\/\/emprendemas.mx\/index.php\/wp-json\/wp\/v2\/pages\/143\/revisions"}],"predecessor-version":[{"id":1263,"href":"https:\/\/emprendemas.mx\/index.php\/wp-json\/wp\/v2\/pages\/143\/revisions\/1263"}],"wp:attachment":[{"href":"https:\/\/emprendemas.mx\/index.php\/wp-json\/wp\/v2\/media?parent=143"}],"curies":[{"name":"wp","href":"https:\/\/api.w.org\/{rel}","templated":true}]}}