{"id":266,"date":"2021-01-29T17:28:30","date_gmt":"2021-01-29T17:28:30","guid":{"rendered":"http:\/\/emprendemas.mx\/?page_id=266"},"modified":"2026-04-12T21:37:26","modified_gmt":"2026-04-13T03:37:26","slug":"aviso-de-privacidad","status":"publish","type":"page","link":"https:\/\/emprendemas.mx\/index.php\/aviso-de-privacidad\/","title":{"rendered":"Aviso de Privacidad"},"content":{"rendered":"\n    \n    <section class=\"u-clearfix u-section-2\" id=\"sec-41b1\">\n      <div class=\"u-clearfix u-sheet u-sheet-1\">\n        <p class=\"u-align-justify u-custom-font u-font-montserrat u-text u-text-1\"><span style=\"font-size: 1.5rem; font-weight: 700;\">AVISO DE PRIVACIDAD <\/span>\n          <br>\n          <br>(A) Identidad y Domicilio. Emprende M\u00e1s, S.A.P.I. de C.V., SOFOM, E.N.R. (en lo sucesivo el \u201cResponsable\"), con domicilio en&nbsp;Leibnitz No. 175 piso 1, Colonia Anzures, Alcald\u00eda Miguel Hidalgo, Ciudad de M\u00e9xico, C\u00f3digo Postal 11590.<br>\n          <br>(B) Datos Personales a Tratar. El Responsable tratar\u00e1n los siguientes datos personales del (la) solicitante del cr\u00e9dito (en lo sucesivo, el \"Titular\"): i) Datos de Contacto, ii) Datos de Identificaci\u00f3n, iii) Datos Laborales y iv) Datos Patrimoniales.  Asimismo, el Responsable recaba el nombre completo y tel\u00e9fono de las referencias personales del Titular, por lo que \u00e9ste manifiesta que cuenta con la autorizaci\u00f3n de sus referencias personales para poder proporcionar dichos datos al Responsable con la finalidad de confirmar la informaci\u00f3n proporcionada por el titular al Responsable. Por lo anterior, el Titular libera de toda responsabilidad al Responsable por el tratamiento de los datos de sus referencias personales, lo cual ratifica con su firma en la solicitud que se encuentra al reverso del presente aviso.<br>\n          <br>(C) Datos Personales Sensibles. El Responsable no recaban datos Personales, sensibles del Titular <br>\n          <br>(D) Finalidades   del Tratamiento. Las finalidades primarias que dan origen y son necesarias para el mantenimiento y cumplimiento  de la relaci\u00f3n jur\u00eddica entre el Responsable y el Titular son las siguientes:  i) Todos los tr\u00e1mites relacionados  con el o los cr\u00e9ditos que el Responsable le otorgue al Titular (en adelante el \"Cr\u00e9dito\" o los \"Cr\u00e9ditos\"), incluyendo  la identificaci\u00f3n  y conocimiento  del Titular; ii) La o las consultas  en las Sociedades  de Informaci\u00f3n  Crediticia  de [a informaci\u00f3n e historial crediticio del Titular; \u00a1ji) La prevenci\u00f3n y\/o la detecci\u00f3n de fraudes  u otros il\u00edcitos en agravio del Responsable y\/o del Titular; iv) verificaci\u00f3n de los datos de la credencial para votar mediante un servicio de verificaci\u00f3n  ante el Instituto Nacional Electoral; (v) La contrataci\u00f3n  de seguros  por el Responsable y\/o por el Titular que sean obligatorios y\/o relacionados  con el o los Cr\u00e9ditos y\/o que sean independientes  y\/o adicionales  a \u00e9stos; vi) La medici\u00f3n de la calidad de y\/o en el servicio, la estad\u00edstica,  mercadotecnia  y\/o el reporteo de y\/o por el Responsable  que se relacionen  con el o los Cr\u00e9ditos y\/o con el Titular; vii) Hacer consultas, investigaciones y\/o revisiones de las actividades, operaciones, quejas y\/o reclamaciones del Titular relacionadas  con el o los Cr\u00e9ditos; viii) La cobranza extrajudicial y\/o judicial del o los Cr\u00e9ditos al Titular; ix) El cumplimiento  de leyes, reglamentos y disposiciones  legales aplicables. <br>Las finalidades  secundarias  que no son necesarias para el mantenimiento  y cumplimiento  de la relaci\u00f3n jur\u00eddica  entre el Responsable  y el Titular son las siguientes:  La publicidad,  promoci\u00f3n  y\/o telemarketing al Titular, de los bienes, productos y\/o servicios  que sean ofrecidos por el Responsable, en su domicilio  particular  y\/o laboral, correo electr\u00f3nico personal y\/o laboral, tel\u00e9fono fijo particular y\/o laboral, tel\u00e9fono  m\u00f3vil particular y\/o laboral o, por cualquier otro medio, material y\/o electr\u00f3nico.<br>\n          <br>(E) Mecanismo para manifestar   la Negativa. Manifestar si el Titular desea que se traten sus datos personales para las mencionadas finalidades  secundarias. <br> Si (  )   o     No  (    ) <br>Si el titular no manifiesta su negativa para el tratamiento de sus datos personales de conformidad con lo anterior se entender\u00e1 que ha otorgado su consentimiento para el tratamiento de los mismos.<br>\n          <br>(F) Transferencia   de Datos.  Los datos personales  del Titular se transferir\u00e1n  a nivel nacional o internacional  a las siguientes  personas:  i) a las instituciones financieras  y\/o inversionistas  para llevar a cabo las finalidades  primarias  antes establecidas  cuando el Responsable  cedan, transmitan,  transfieran,  afecten, graven y\/o negocien, en cualquier forma, los derechos  de cr\u00e9dito del o los Cr\u00e9ditos que se registren en el correspondiente  contrato o contratos  de apertura  de cr\u00e9dito celebrados y\/o, en el o los pagar\u00e9s suscritos al amparo de los mismos, por el Titular o cuando el Responsable celebren fusiones y\/o escisiones  en las que dichas personas se vean involucradas;  ii) a la sociedad  controladora  o a las subsidiarias  o afiliadas del Responsable  para llevar a cabo las finalidades  primarias antes establecidas, cuando el Responsable  requieran de su apoyo para la operaci\u00f3n y\/o administraci\u00f3n  del o los Cr\u00e9ditos  o cuando el Responsable celebren fusiones y\/o escisiones  en las que dichas sociedades  se vean involucradas;  iii) a las compa\u00f1\u00edas  de seguros para la contrataci\u00f3n  de seguros relacionados  con el o los Cr\u00e9ditos; y, iv) a alguna autoridad  con la finalidad  de dar cumplimiento  a alguna ley, reglamento  o disposici\u00f3n  legal aplicable  cuando la transferencia  sea obligatoria  y v) al Instituto Nacional Electoral; para verificar y validar la autenticidad  de los datos y documentos  proporcionados  por el Cliente respecto de su identidad.<br>\n          <br>(G) Cl\u00e1usula para consentir   la transferencia. Las transferencias que se mencionan anteriormente no requieren del consentimiento del Titular. <br>\n          <br>(H) Medios y Procedimiento para Ejercer Derechos ARCO. Si el Titular desea ejercer sus derechos de acceso, rectificaci\u00f3n,  cancelaci\u00f3n  u oposici\u00f3n al tratamiento  de sus datos personales o desea revocar su consentimiento,  podr\u00e1 acudir al Departamento  de Protecci\u00f3n de Datos Personales del Responsable  en cualquiera de los siguientes medios: O)  en el domicilio del Responsable  ubicado en Leibnitz No. 175 piso 1, Colonia Anzures, Alcald\u00eda Miguel Hidalgo, Ciudad de M\u00e9xico, C\u00f3digo Postal 11590,  o en cualquiera de las sucursales del Responsable, mediante la solicitud escrita con un horario de atenci\u00f3n de Lunes a Viernes de 09:00 a 14:00 horas y de 15:00 a 16:00 horas; (ii) mediante correo electr\u00f3nico a une@emprendemas.mx,  en atenci\u00f3n del Lic. Hugo Alberto Rodr\u00edguez Hern\u00e1ndez con el nombre y los datos de contacto del Titular.<br>\n          <br>(I) Opciones y medios para limitar el uso  y divulgaci\u00f3n    de datos  personales. El Titular podr\u00e1 inscribirse en el Registro P\u00fablico de Usuarios conforme a la Ley de Protecci\u00f3n y Defensa al Usuario de Servicios Financieros con la finalidad de limitar el uso y divulgaci\u00f3n de sus datos personales. Este registro (REUS), permite que el Titular se inscriba en una base de datos a fin de restringir llamadas promociona les en n\u00fameros particulares (fijo o m\u00f3vil), laborales o correo electr\u00f3nico, buscando mantener a salvo su privacidad y evitar las molestias que causan estas llamadas o env\u00edo de informaci\u00f3n. <br>El Titular podr\u00e1 registrarse al REUS a trav\u00e9s de los medios que se establecen en la siguiente p\u00e1gina de Internet: https:\/\/webapps.condusef.gob.mx\/reus\/ReusDW4\/index.html&nbsp;<br>\n          <br>(J) Cambios  al Aviso  de Privacidad.   El presente Aviso de Privacidad Integral tambi\u00e9n se encuentra ubicado, para su consulta, en la p\u00e1gina de Internet del Responsable,  con la direcci\u00f3n www.emprendemas.mx.   De igual forma, las modificaciones  que en cualquier momento  se hagan     al presenta Aviso de Privacidad, ser\u00e1n publicadas en la Direcci\u00f3n.<br>\n          <br>(K)  Uso de Tecnolog\u00edas de rastreo de nuestro portal de internet. Le informamos que en nuestra p\u00e1gina de internet utilizamos Cookies, Web Beacons y Otras tecnolog\u00edas a trav\u00e9s de la cuales es posible monitorear su comportamiento como usuario de internet, brindarle un mejor servicio y experiencia de usuario al navegar en nuestra p\u00e1gina, as\u00ed como ofrecerle nuevos productos y servicios basados en sus preferencias. <br>Los datos que obtendremos de estas tecnolog\u00edas de rastreo son los siguientes: horario de navegaci\u00f3n, tiempo de navegaci\u00f3n en nuestra p\u00e1gina de internet, secciones consultadas y p\u00e1ginas de internet accedidas previo a la nuestra; Asimismo le informamos que sus datos personales que se obtiene a trav\u00e9s de estas tecnolog\u00edas no son compartidos con terceros. Estas tecnolog\u00edas podr\u00e1n deshabilitarse siguiendo los siguientes pasos 1 Acceder a neutra p\u00e1gina de internet, Secci\u00f3n T\u00e9rminos y Condiciones del Sitio, Subsecci\u00f3n Cookies, 2. Dar clic en la subsecci\u00f3n Cookies. 3. Leer el mensaje de advertencia sobre la deshabilitaci\u00f3n de cookies y 4. Dar clic en la leyenda de activar el mecanismo de deshabilitaci\u00f3n de cookies.<br>\n          <br>Si el Titular est\u00e1 de acuerdo con los t\u00e9rminos y condiciones del Aviso de Privacidad y acepta el tratamiento de sus datos personales seg\u00fan lo dispuesto en el mismo, manifestar\u00e1 su consentimiento, llenando y firmando la solicitud de cr\u00e9dito plasmada al anverso de esta hoja. <br>Consiento que mis datos personales sean tratados de conformidad con los t\u00e9rminos y condiciones informados en le presente aviso de privacidad.&nbsp;<br>\n        <\/p>\n      <\/div>\n    <\/section>\n    \n    \n    \n  \n","protected":false},"excerpt":{"rendered":"<p>AVISO DE PRIVACIDAD (A) Identidad y Domicilio. Emprende M\u00e1s, S.A.P.I. de C.V., SOFOM, E.N.R. (en lo sucesivo el \u201cResponsable&#8221;), con domicilio en&nbsp;Leibnitz No. 175 piso 1, Colonia Anzures, Alcald\u00eda Miguel Hidalgo, Ciudad de M\u00e9xico, C\u00f3digo Postal 11590. (B) Datos Personales a Tratar. El Responsable tratar\u00e1n los siguientes datos personales del (la) solicitante del cr\u00e9dito (en &hellip; <a href=\"https:\/\/emprendemas.mx\/index.php\/aviso-de-privacidad\/\" class=\"more-link\">Continue reading<span class=\"screen-reader-text\"> &#8220;Aviso de Privacidad&#8221;<\/span><\/a><\/p>\n","protected":false},"author":1,"featured_media":0,"parent":0,"menu_order":0,"comment_status":"closed","ping_status":"closed","template":"","meta":{"_joinchat":[],"footnotes":""},"class_list":["post-266","page","type-page","status-publish","hentry"],"_links":{"self":[{"href":"https:\/\/emprendemas.mx\/index.php\/wp-json\/wp\/v2\/pages\/266","targetHints":{"allow":["GET"]}}],"collection":[{"href":"https:\/\/emprendemas.mx\/index.php\/wp-json\/wp\/v2\/pages"}],"about":[{"href":"https:\/\/emprendemas.mx\/index.php\/wp-json\/wp\/v2\/types\/page"}],"author":[{"embeddable":true,"href":"https:\/\/emprendemas.mx\/index.php\/wp-json\/wp\/v2\/users\/1"}],"replies":[{"embeddable":true,"href":"https:\/\/emprendemas.mx\/index.php\/wp-json\/wp\/v2\/comments?post=266"}],"version-history":[{"count":6,"href":"https:\/\/emprendemas.mx\/index.php\/wp-json\/wp\/v2\/pages\/266\/revisions"}],"predecessor-version":[{"id":1376,"href":"https:\/\/emprendemas.mx\/index.php\/wp-json\/wp\/v2\/pages\/266\/revisions\/1376"}],"wp:attachment":[{"href":"https:\/\/emprendemas.mx\/index.php\/wp-json\/wp\/v2\/media?parent=266"}],"curies":[{"name":"wp","href":"https:\/\/api.w.org\/{rel}","templated":true}]}}