{"id":279,"date":"2021-02-01T20:15:21","date_gmt":"2021-02-01T20:15:21","guid":{"rendered":"http:\/\/emprendemas.mx\/?page_id=279"},"modified":"2026-04-13T00:26:48","modified_gmt":"2026-04-13T06:26:48","slug":"simula-tu-credito","status":"publish","type":"page","link":"https:\/\/emprendemas.mx\/index.php\/simula-tu-credito\/","title":{"rendered":"Simula tu cr\u00e9dito"},"content":{"rendered":"\n    \n    <section class=\"u-clearfix u-section-2\" id=\"sec-b872\">\n      <div class=\"u-align-left u-container-align-left u-container-style u-group u-group-1\">\n        <div class=\"u-container-layout u-valign-middle-lg u-valign-middle-md u-valign-middle-xl u-container-layout-1\">\n          <h2 class=\"u-text u-text-1\" data-animation-name=\"flipIn\" data-animation-duration=\"1000\" data-animation-delay=\"0\" data-animation-direction=\"X\">Otorgamos Cr\u00e9ditos para sector Publico y Privado<\/h2>\n        <\/div>\n      <\/div>\n      <img decoding=\"async\" src=\"https:\/\/emprendemas.mx\/wp-content\/uploads\/2021\/01\/shape4-1.png\" alt=\"\" class=\"u-expanded-width u-image u-image-default u-image-1\" data-image-width=\"1986\" data-image-height=\"576\">\n      <div class=\"u-tab-links-align-right u-tabs u-tabs-1\">\n        <ul class=\"u-spacing-0 u-tab-list u-unstyled\" role=\"tablist\"><li class=\"u-tab-item u-tab-item-1\" role=\"presentation\"><a class=\"active u-active-custom-color-2 u-button-style u-custom-color-1 u-custom-font u-heading-font u-hover-custom-color-2 u-tab-link u-tab-link-1\" id=\"link-tab-0da5\" href=\"#tab-0da5\" role=\"tab\" aria-controls=\"tab-0da5\" aria-selected=\"true\">Emprende M\u00e1s<\/a>\n<\/li><li class=\"u-tab-item u-tab-item-2\" role=\"presentation\"><a class=\"u-active-custom-color-2 u-button-style u-custom-color-1 u-custom-font u-heading-font u-hover-custom-color-2 u-tab-link u-tab-link-2\" id=\"link-tab-fad9\" href=\"#tab-fad9\" role=\"tab\" aria-controls=\"tab-fad9\" aria-selected=\"false\">Simula tu credito Click Aqu\u00ed<\/a>\n<\/li><\/ul>\n        <div class=\"u-tab-content\">\n          <div class=\"u-align-left u-container-align-left u-container-style u-tab-active u-tab-pane u-white u-tab-pane-1\" id=\"tab-0da5\" role=\"tabpanel\" aria-labelledby=\"link-tab-0da5\">\n            <div class=\"u-container-layout u-container-layout-2\">\n              <img decoding=\"async\" src=\"https:\/\/emprendemas.mx\/wp-content\/uploads\/2021\/01\/LOGOEMPRENDEMAS2.fw_-3.png\" alt=\"\" class=\"u-image u-image-default u-image-2\" data-image-width=\"1866\" data-image-height=\"1866\">\n              <p class=\"u-text u-text-2\">En Emprende M\u00e1s contamos con cr\u00e9ditos a tu medida, consulta las zonas y tipos de acuerdos que tenemos para t\u00ed.<\/p>\n              <img decoding=\"async\" src=\"https:\/\/emprendemas.mx\/wp-content\/uploads\/2021\/03\/Mapa2.fw_.png\" alt=\"\" class=\"u-image u-image-default u-image-3\" data-image-width=\"476\" data-image-height=\"360\">\n              <ul class=\"u-text u-text-3\">\n                <li>Sector Salud<\/li>\n                <li>Sector Educaci\u00f3n<\/li>\n                <li>Sector Pensio\u200bnados<\/li>\n                <li>Entre otros.<br>\n                <\/li>\n              <\/ul>\n            <\/div>\n          <\/div>\n          <div class=\"u-align-left u-container-align-left u-container-style u-tab-pane u-white u-tab-pane-2\" id=\"tab-fad9\" role=\"tabpanel\" aria-labelledby=\"link-tab-fad9\">\n            <div class=\"u-container-layout u-container-layout-3\">\n              <div class=\"u-border-3 u-border-grey-dark-1 u-line u-line-horizontal u-line-1\"><\/div>\n              <p class=\"popmake-1303 u-custom-font u-font-montserrat u-text u-text-custom-color-1 u-text-4\">MUNICIPIO DE METEPEC, ESTADO DE M\u00c9XICO<\/p>\n              <div class=\"u-border-3 u-border-grey-dark-1 u-line u-line-horizontal u-line-2\"><\/div>\n              <p class=\"popmake-1309 u-custom-font u-font-montserrat u-text u-text-custom-color-1 u-text-5\">GOBIERNO DE LA CDMX<\/p>\n              <div class=\"u-border-3 u-border-grey-dark-1 u-line u-line-horizontal u-line-3\"><\/div>\n              <p class=\"popmake-1312 u-custom-font u-font-montserrat u-text u-text-custom-color-1 u-text-6\">GOBIERNO DE SONORA<\/p>\n              <p class=\"popmake-1317 u-custom-font u-font-montserrat u-text u-text-custom-color-1 u-text-7\">GOBIERNO DE NUEVO LE\u00d3N<\/p>\n              <h3 class=\"u-text u-text-8\">Da click a la dependencia de tu elecci\u00f3n.<\/h3>\n            <\/div>\n          <\/div>\n        <\/div>\n      <\/div>\n    <\/section>\n    \n    \n    \n  \n","protected":false},"excerpt":{"rendered":"<p>Otorgamos Cr\u00e9ditos para sector Publico y Privado Emprende M\u00e1s Simula tu credito Click Aqu\u00ed En Emprende M\u00e1s contamos con cr\u00e9ditos a tu medida, consulta las zonas y tipos de acuerdos que tenemos para t\u00ed. Sector Salud Sector Educaci\u00f3n Sector Pensio\u200bnados Entre otros. MUNICIPIO DE METEPEC, ESTADO DE M\u00c9XICO GOBIERNO DE LA CDMX GOBIERNO DE SONORA &hellip; <a href=\"https:\/\/emprendemas.mx\/index.php\/simula-tu-credito\/\" class=\"more-link\">Continue reading<span class=\"screen-reader-text\"> &#8220;Simula tu cr\u00e9dito&#8221;<\/span><\/a><\/p>\n","protected":false},"author":1,"featured_media":0,"parent":0,"menu_order":0,"comment_status":"closed","ping_status":"closed","template":"","meta":{"_joinchat":[],"footnotes":""},"class_list":["post-279","page","type-page","status-publish","hentry"],"_links":{"self":[{"href":"https:\/\/emprendemas.mx\/index.php\/wp-json\/wp\/v2\/pages\/279","targetHints":{"allow":["GET"]}}],"collection":[{"href":"https:\/\/emprendemas.mx\/index.php\/wp-json\/wp\/v2\/pages"}],"about":[{"href":"https:\/\/emprendemas.mx\/index.php\/wp-json\/wp\/v2\/types\/page"}],"author":[{"embeddable":true,"href":"https:\/\/emprendemas.mx\/index.php\/wp-json\/wp\/v2\/users\/1"}],"replies":[{"embeddable":true,"href":"https:\/\/emprendemas.mx\/index.php\/wp-json\/wp\/v2\/comments?post=279"}],"version-history":[{"count":20,"href":"https:\/\/emprendemas.mx\/index.php\/wp-json\/wp\/v2\/pages\/279\/revisions"}],"predecessor-version":[{"id":1299,"href":"https:\/\/emprendemas.mx\/index.php\/wp-json\/wp\/v2\/pages\/279\/revisions\/1299"}],"wp:attachment":[{"href":"https:\/\/emprendemas.mx\/index.php\/wp-json\/wp\/v2\/media?parent=279"}],"curies":[{"name":"wp","href":"https:\/\/api.w.org\/{rel}","templated":true}]}}