{"id":340,"date":"2021-02-14T00:26:22","date_gmt":"2021-02-14T00:26:22","guid":{"rendered":"http:\/\/emprendemas.mx\/?page_id=340"},"modified":"2022-10-15T06:12:54","modified_gmt":"2022-10-15T06:12:54","slug":"terminos-y-condiciones","status":"publish","type":"page","link":"https:\/\/emprendemas.mx\/index.php\/terminos-y-condiciones\/","title":{"rendered":"T\u00e9rminos y Condiciones"},"content":{"rendered":"\n    \n    <section class=\"u-clearfix u-section-2\" id=\"sec-41b1\">\n      <div class=\"u-clearfix u-sheet u-sheet-1\">\n        <p class=\"u-align-justify u-custom-font u-font-montserrat u-text u-text-1\"><b>T\u00e9rminos Y\nCondiciones<\/b><b>&nbsp;<\/b>&nbsp;<!--[if !supportLists]-->\n          <br>\n          <br>1.&nbsp;&nbsp;&nbsp;&nbsp;&nbsp; <!--[endif]--><b>Identidad y\ndomicilio responsable de datos.<\/b> Emprende M\u00e1s, S.A.P.I. de C.V., SOFOM,\nE.N.R., titular de la marca \u201cEmprende M\u00e1s\u00ae\u201d, en adelante Emprende M\u00e1s con\ndomicilio en calle Leibnitz No. 175 piso 1, Colonia Anzures, Alcald\u00eda Miguel Hidalgo, Ciudad de M\u00e9xico, C\u00f3digo Postal 11590, quien no requiere de autorizaci\u00f3n\nde la Secretaria de Hacienda y Cr\u00e9dito P\u00fablico para su constituci\u00f3n ni para la\ncelebraci\u00f3n del presente contrato. Asimismo, est\u00e1 sujeta a la de la supervisi\u00f3n\no vigilancia de la Comisi\u00f3n Nacional Bancaria y de Valores, \u00fanicamente en\nmateria de prevenci\u00f3n y detecci\u00f3n de operaciones con recursos de procedencia\nil\u00edcita y financiamiento al terrorismo, de conformidad a lo establecido en el\nart\u00edculo 56 de la ley federal para la prevenci\u00f3n e identificaci\u00f3n de\noperaciones con\nrecursos de procedencia il\u00edcita.&nbsp; &nbsp;&nbsp;<!--[if !supportLists]-->\n          <br>\n          <br><b>2.&nbsp;&nbsp;&nbsp;&nbsp;&nbsp; <\/b><!--[endif]--><b>Aceptaci\u00f3n o rechazo de t\u00e9rminos y condiciones.<\/b> Al usar el portal de internet <a href=\"https:\/\/emprendemas.mx\" class=\"u-active-none u-border-none u-btn u-button-style u-hover-none u-none u-text-palette-1-base u-btn-1\">https:\/\/emprendemas.mx<\/a> se acepta\nincondicionalmente los T\u00e9rminos y Condiciones del presente, con base al\nart\u00edculo 80 del C\u00f3digo de Comercio y el art\u00edculo 1803 del C\u00f3digo Civil Federal,\nas\u00ed como del Aviso de Privacidad de Emprende M\u00e1s, S.A.P.I. de C.V., SOFOM,\nE.N.R., que da a conocer&nbsp; con base las\ndisposiciones previstas en la Ley Federal de Protecci\u00f3n de Datos Personales en\nPosesi\u00f3n de los Particulares (en adelante, \u201cLFPDPPP\u201d), que es responsable del\ntratamiento de los datos personales de las personas que ingresan a su portal de\ninternet, en adelante Usuarios.\n&nbsp;\nEs obligaci\u00f3n del Usuario leer y\naceptar todos los T\u00e9rminos Y Condiciones establecidos en el presente. En caso\nde no aceptar los T\u00e9rminos y Condiciones, lo usuarios deber\u00e1n abstenerse a\nutilizar el portal de internet de Emprende M\u00e1s.&nbsp; &nbsp; &nbsp; &nbsp;<!--[if !supportLists]-->\n          <br>\n          <br><b>3.&nbsp;&nbsp;&nbsp;&nbsp;&nbsp; <\/b><!--[endif]--><b>Uso y restricciones<\/b> En el entendido de la aceptaci\u00f3n de\nlos T\u00e9rminos Y Condiciones al hacer uso del portal de internet, el usuario\nadquiere un derecho sin exclusividad, revocable y no transferible de visualizar\ntodo el contenido del portal de internet <a href=\"https:\/\/emprendemas.mx\" class=\"u-active-none u-border-none u-btn u-button-style u-hover-none u-none u-text-palette-1-base u-btn-2\">https:\/\/emprendemas.mx<\/a>. \n&nbsp;\nEl uso del portal de internet, as\u00ed\ncomo los productos y servicios ofrecidos son exclusivos para usuarios que tengan\nedad jur\u00eddica para contratar y obligarse con base al c\u00f3digo civil federal. En\nel caso que el usuario no cumpla con lo anterior, Emprende M\u00e1s se deslinda de\ncualquier responsabilidad de la informaci\u00f3n proporcionada.\n&nbsp;\nEmprende M\u00e1s se reserva el derecho de\neliminar contenido que a su juicio pueda resultar abusivo, difamatorio,\nfraudulento, enga\u00f1oso, violatorio de derechos de propiedad intelectual y\/o que\ncontravenga a alguna disposici\u00f3n legal o los t\u00e9rminos y condiciones\nestablecidos en el presente.&nbsp; &nbsp; &nbsp; &nbsp;&nbsp;<!--[if !supportLists]-->\n          <br>\n          <br><b>4.&nbsp;&nbsp;&nbsp;&nbsp;&nbsp; <\/b><!--[endif]--><b>Datos Recabados<\/b> El usuario puede hacer uso de los\nmedios de contacto establecidos en el mismo para compartir sus datos personales\nno sensibles. Mismos que ser\u00e1n tratados con total apego al Aviso de Privacidad\ndel portal de internet <a href=\"https:\/\/emprendemas.mx\" class=\"u-active-none u-border-none u-btn u-button-style u-hover-none u-none u-text-palette-1-base u-btn-3\">https:\/\/emprendemas.mx<\/a>, siendo el\nUsuario el \u00fanico responsable de la le legalidad y veracidad de los datos\nproporcionados.&nbsp; &nbsp;&nbsp;<!--[if !supportLists]-->\n          <br>\n          <br>a)&nbsp;&nbsp;&nbsp;&nbsp;&nbsp; <!--[endif]-->Datos de\nidentificaci\u00f3n&nbsp;<!--[if !supportLists]-->\n          <br>\n          <br>b)&nbsp;&nbsp;&nbsp;&nbsp;&nbsp; <!--[endif]-->Datos de\ncontacto\n&nbsp;\nEmprende M\u00e1s a trav\u00e9s de su aviso de\nprivacidad del portal de internet <a href=\"https:\/\/emprendemas.mx\" class=\"u-active-none u-border-none u-btn u-button-style u-hover-none u-none u-text-palette-1-base u-btn-4\">https:\/\/emprendemas.mx<\/a>, notifica al\nusuario el tratamiento que tendr\u00e1n sus datos personales, as\u00ed como los derechos\ndel mismo. Cumpliendo lo establecido en la Ley Federal de Protecci\u00f3n de Datos\nPersonales e posesi\u00f3n de los Particulares y su Reglamento.&nbsp; &nbsp; &nbsp; &nbsp;<!--[if !supportLists]-->\n          <br>\n          <br><b>5.&nbsp;&nbsp;&nbsp;&nbsp;&nbsp; <\/b><!--[endif]--><b>Finalidad<\/b> Emprende M\u00e1s, har\u00e1 uso de los datos\nrecabados para recibir y dar comentarios a los usuarios:&nbsp; &nbsp;&nbsp;<!--[if !supportLists]-->\n          <br>\n          <br>a)&nbsp;&nbsp;&nbsp;&nbsp;&nbsp; <!--[endif]-->Publicitar\nproductos o servicios ofrecidos por Emprende M\u00e1s&nbsp;<!--[if !supportLists]-->\n          <br>\n          <br>b)&nbsp;&nbsp;&nbsp;&nbsp;&nbsp; <!--[endif]-->Promociones\nofrecidas por Emprende M\u00e1s&nbsp; &nbsp; &nbsp; &nbsp;<!--[if !supportLists]-->\n          <br>\n          <br><b>6.&nbsp;&nbsp;&nbsp;&nbsp;&nbsp; <\/b><!--[endif]--><b>Propiedad Intelectual<\/b> Todo el contenido del portal de\ninternet es propiedad de Emprende M\u00e1s y tiene los derechos de propiedad\nintelectual exclusivos, por lo que la reproducci\u00f3n y uso no autorizados, se\nencuentran expresamente prohibido y se deber\u00e1 de acatar a la Ley Federal de\nAutor.\n&nbsp;\nLa aceptaci\u00f3n de los T\u00e9rminos Y\nCondiciones no otorga, ning\u00fan tipo de licencia o cualquier otro titulo para el\nuso de marca, productos y servicios, o derechos de propiedad intelectual\npertenecientes a Emprende M\u00e1s.\n&nbsp;\nEl usuario puede imprimir y copiar el\ncontenido del portal de internet de Emprende M\u00e1s solo para su uso personal, por\nlo que no podr\u00e1 comercializar con dicha informaci\u00f3n. \n&nbsp;\nEs obligaci\u00f3n del Usuario notificar de\nmanera oficial a trav\u00e9s de los medios de contacto establecidos en el aviso de\nprivacidad del portal de internet, el mal uso de marcas, logotipos y contenido\nde uso exclusivo de Emprende M\u00e1s.&nbsp; &nbsp; &nbsp; &nbsp;<!--[if !supportLists]-->\n          <br>\n          <br><b>7.&nbsp;&nbsp;&nbsp;&nbsp;&nbsp; <\/b><!--[endif]--><b>Actualizaciones \u2013 Modificaciones<\/b> Emprende M\u00e1s tiene el derecho de dejar\nsin efectos los T\u00e9rminos y Condiciones, ya sea total o parcialmente en cualquier\nmomento sin necesidad de notificaci\u00f3n de por medio.\n&nbsp;\nEn caso de que el portal de internet sufra\nde una modificaci\u00f3n para la mejora del mismo conlleva un consentimiento del\nUsuario, para que la versi\u00f3n reciente sea la que rige los T\u00e9rminos Y Condiciones\nentre Emprende M\u00e1s y el Usuario.&nbsp; &nbsp;&nbsp;<!--[if !supportLists]-->\n          <br>\n          <br><b>8.&nbsp;&nbsp;&nbsp;&nbsp;&nbsp; <\/b><!--[endif]--><b>COOKIES<\/b> Le informamos que en nuestra p\u00e1gina de\ninternet utilizamos Cookies, Web Beacons y Otras tecnolog\u00edas a trav\u00e9s de la\ncuales es posible monitorear su comportamiento como usuario de internet,\nbrindarle un mejor servicio y experiencia de usuario al navegar en nuestra\np\u00e1gina, as\u00ed como ofrecerle nuevos productos y servicios basados en sus\npreferencias.&nbsp; Los datos que obtendremos\nde estas tecnolog\u00edas de rastreo son los siguientes: horario de navegaci\u00f3n,\ntiempo de navegaci\u00f3n en nuestra p\u00e1gina de internet, secciones consultadas y\np\u00e1ginas de internet accedidas previo a la nuestra; Asimismo le informamos que\nsus datos personales que se obtiene a trav\u00e9s de estas tecnolog\u00edas no son\ncompartidos con terceros. \n&nbsp;\nEstas tecnolog\u00edas podr\u00e1n\ndeshabilitarse siguiendo los siguientes pasos&nbsp; &nbsp;&nbsp;<!--[if !supportLists]-->\n          <br>\n          <br>a)&nbsp;&nbsp;&nbsp;&nbsp;&nbsp; <!--[endif]-->Acceder a\nneutra p\u00e1gina de internet, Secci\u00f3n T\u00e9rminos y Condiciones del Sitio, Subsecci\u00f3n\nCookies,&nbsp;<!--[if !supportLists]-->\n          <br>\n          <br>b)&nbsp;&nbsp;&nbsp;&nbsp;&nbsp; <!--[endif]-->Dar clic en la\nsubsecci\u00f3n Cookies.&nbsp;<!--[if !supportLists]-->\n          <br>\n          <br>c)&nbsp;&nbsp;&nbsp;&nbsp;&nbsp; <!--[endif]-->Leer el\nmensaje de advertencia sobre la deshabilitaci\u00f3n de cookies y&nbsp;<!--[if !supportLists]-->\n          <br>\n          <br>d)&nbsp;&nbsp;&nbsp;&nbsp;&nbsp; <!--[endif]-->Dar clic en la\nleyenda de activar el mecanismo de deshabilitaci\u00f3n de cookies. \n&nbsp;\nSi el Titular est\u00e1 de acuerdo con los\nt\u00e9rminos y condiciones del Aviso de Privacidad y acepta el tratamiento de sus\ndatos personales seg\u00fan lo dispuesto en el mismo, manifestar\u00e1 su consentimiento,\nllenando y firmando la solicitud de cr\u00e9dito plasmada al anverso de esta hoja.\nConsiento que mis datos personales sean tratados de conformidad con los\nt\u00e9rminos y condiciones informados en le presente aviso de privacidad. <b>&nbsp;<\/b><b>&nbsp;<\/b>&nbsp;<!--[if !supportLists]-->\n          <br>\n          <br><b>9.&nbsp;&nbsp;&nbsp;&nbsp;&nbsp; <\/b><!--[endif]--><b>Leyes aplicables.<\/b> Para lo no previsto en estos T\u00e9rminos\ny Condiciones, los Clientes y\/o Usuarios acuerdan someterse a las leyes\naplicables de los Estados Unidos Mexicanos.\n&nbsp;\nPara la interpretaci\u00f3n y ejecuci\u00f3n de\nlos presentes T\u00e9rminos y Condiciones, el Cliente y\/o Usuario acepta someterse a\nla jurisdicci\u00f3n y competencia de los tribunales competentes en la Ciudad de\nM\u00e9xico, renunciando expresamente al fuero que pudiese corresponderle por raz\u00f3n\nde su domicilio presente o futuro.&nbsp; &nbsp; &nbsp; &nbsp;<!--[if !supportLists]-->\n          <br>\n          <br><b>10.&nbsp; <\/b><!--[endif]--><b>&nbsp;Actualizaci\u00f3n de datos y\/o aclaraciones<\/b> Si el Titular desea ejercer sus\nderechos de acceso, rectificaci\u00f3n, cancelaci\u00f3n u oposici\u00f3n al tratamiento de\nsus datos personales o desea revocar su consentimiento,&nbsp; podr\u00e1 acudir al Departamento&nbsp; de Protecci\u00f3n de Datos Personales del\nResponsable&nbsp; en cualquiera de los\nsiguientes medios:&nbsp; &nbsp; &nbsp;<!--[if !supportLists]-->\n          <br>\n          <br>a)&nbsp;&nbsp;&nbsp;&nbsp;&nbsp; <!--[endif]-->&nbsp;En el domicilio del responsable ubicado en\nCalle Leibnitz No. 175 piso 1, Colonia Anzures, Alcald\u00eda Miguel Hidalgo, Ciudad de M\u00e9xico, C\u00f3digo Postal 11590.&nbsp;<!--[if !supportLists]-->\n          <br>\n          <br>b)&nbsp;&nbsp;&nbsp;&nbsp;&nbsp; <!--[endif]-->En cualquiera\nde las sucursales del responsable&nbsp;<!--[if !supportLists]-->\n          <br>\n          <br>c)&nbsp;&nbsp;&nbsp;&nbsp;&nbsp; <!--[endif]-->Correo\nelectr\u00f3nico a une@emprendemas.mx, en atenci\u00f3n del Lic. Aar\u00f3n Manuel Torres Ariza con el nombre y los datos de contacto del Titular.\n&nbsp;\nEl proceso es mediante la solicitud\nescrita con un horario de atenci\u00f3n de Lunes a Viernes de 09:00 a 17.:00 horas;&nbsp; &nbsp; &nbsp; &nbsp;&nbsp;<!--[if !supportLists]-->\n          <br>\n          <br><b>11.&nbsp; <\/b><!--[endif]--><b>Alternativa\npara limitar el uso o traslado de datos personales.<\/b> Los Usuarios pueden inscribirse en el\nRegistro P\u00fablico de Usuarios con base a la Ley de Protecci\u00f3n y Defensa al Usuario\nde Servicios Financieros con la finalidad de limitar el uso y divulgaci\u00f3n de\nsus datos personales. \n&nbsp;\nEl registro conocido como (REUS), le\nda la posibilidad al Usuario que se inscriba en una base de datos a fin de\nrestringir llamadas promocionales en n\u00fameros particulares (fijo o m\u00f3vil),\nlaborales o correo electr\u00f3nico, buscando mantener a salvo su privacidad y\nevitar las molestias que puedan causar las llamadas promocionales o env\u00edo de\ninformaci\u00f3n publicitaria. \n&nbsp;\nEl registro a la base de datos REUS a\ntrav\u00e9s de los medios visualizados en el siguiente portal de Internet: <a href=\"http:\/\/portalif.condusef.gob.mx\/REUS\/home.php\" class=\"u-active-none u-border-none u-btn u-button-style u-hover-none u-none u-text-palette-1-base u-btn-5\">http:\/\/portalif.condusef.gob.mx\/REUS\/home.php<\/a> .<br>\n        <\/p>\n      <\/div>\n    <\/section>\n    \n    \n  \n","protected":false},"excerpt":{"rendered":"<p>T\u00e9rminos Y Condiciones&nbsp;&nbsp; 1.&nbsp;&nbsp;&nbsp;&nbsp;&nbsp; Identidad y domicilio responsable de datos. Emprende M\u00e1s, S.A.P.I. de C.V., SOFOM, E.N.R., titular de la marca \u201cEmprende M\u00e1s\u00ae\u201d, en adelante Emprende M\u00e1s con domicilio en calle Leibnitz No. 175 piso 1, Colonia Anzures, Alcald\u00eda Miguel Hidalgo, Ciudad de M\u00e9xico, C\u00f3digo Postal 11590, quien no requiere de autorizaci\u00f3n de la Secretaria &hellip; <a href=\"https:\/\/emprendemas.mx\/index.php\/terminos-y-condiciones\/\" class=\"more-link\">Continue reading<span class=\"screen-reader-text\"> &#8220;T\u00e9rminos y Condiciones&#8221;<\/span><\/a><\/p>\n","protected":false},"author":1,"featured_media":0,"parent":0,"menu_order":0,"comment_status":"closed","ping_status":"closed","template":"","meta":{"_joinchat":[],"footnotes":""},"class_list":["post-340","page","type-page","status-publish","hentry"],"_links":{"self":[{"href":"https:\/\/emprendemas.mx\/index.php\/wp-json\/wp\/v2\/pages\/340","targetHints":{"allow":["GET"]}}],"collection":[{"href":"https:\/\/emprendemas.mx\/index.php\/wp-json\/wp\/v2\/pages"}],"about":[{"href":"https:\/\/emprendemas.mx\/index.php\/wp-json\/wp\/v2\/types\/page"}],"author":[{"embeddable":true,"href":"https:\/\/emprendemas.mx\/index.php\/wp-json\/wp\/v2\/users\/1"}],"replies":[{"embeddable":true,"href":"https:\/\/emprendemas.mx\/index.php\/wp-json\/wp\/v2\/comments?post=340"}],"version-history":[{"count":6,"href":"https:\/\/emprendemas.mx\/index.php\/wp-json\/wp\/v2\/pages\/340\/revisions"}],"predecessor-version":[{"id":1099,"href":"https:\/\/emprendemas.mx\/index.php\/wp-json\/wp\/v2\/pages\/340\/revisions\/1099"}],"wp:attachment":[{"href":"https:\/\/emprendemas.mx\/index.php\/wp-json\/wp\/v2\/media?parent=340"}],"curies":[{"name":"wp","href":"https:\/\/api.w.org\/{rel}","templated":true}]}}