{"id":365,"date":"2021-02-23T05:24:30","date_gmt":"2021-02-23T05:24:30","guid":{"rendered":"http:\/\/emprendemas.mx\/?page_id=365"},"modified":"2026-04-22T14:04:31","modified_gmt":"2026-04-22T20:04:31","slug":"costos-y-comisiones","status":"publish","type":"page","link":"https:\/\/emprendemas.mx\/index.php\/costos-y-comisiones\/","title":{"rendered":"Costos y comisiones"},"content":{"rendered":"\n    \n    <section class=\"u-clearfix u-section-2\" id=\"sec-a83f\">\n      <div class=\"u-clearfix u-sheet u-valign-middle-sm u-valign-middle-xs u-sheet-1\">\n        <div class=\"u-clearfix u-layout-wrap u-layout-wrap-1\">\n          <div class=\"u-layout\">\n            <div class=\"u-layout-col\">\n              <div class=\"u-size-30\">\n                <div class=\"u-layout-col\">\n                  <div class=\"u-align-center u-container-align-center u-container-style u-custom-color-1 u-layout-cell u-size-60 u-layout-cell-1\">\n                    <div class=\"u-container-layout u-valign-top u-container-layout-1\">\n                      <p class=\"u-custom-font u-font-montserrat u-text u-text-1\">Productos EMPRENDE M\u00c1S<\/p>\n                    <\/div>\n                  <\/div>\n                <\/div>\n              <\/div>\n              <div class=\"u-size-30\">\n                <div class=\"u-layout-row\">\n                  <div class=\"u-container-style u-custom-color-2 u-layout-cell u-size-30 u-layout-cell-2\">\n                    <div class=\"u-container-layout u-container-layout-2\">\n                      <p class=\"u-custom-font u-font-montserrat u-text u-text-2\">Nombre Comercial del Producto:<br>\n                        <br>Tipo de Cr\u00e9dito:&nbsp;<br>\n                      <\/p>\n                    <\/div>\n                  <\/div>\n                  <div class=\"u-container-style u-layout-cell u-size-30 u-layout-cell-3\">\n                    <div class=\"u-border-2 u-border-custom-color-2 u-container-layout u-container-layout-3\">\n                      <p class=\"u-custom-font u-font-montserrat u-text u-text-3\"> Cr\u00e9dito de N\u00f3mina Tradicional<br>\n                        <br>&nbsp;Cr\u00e9dito de N\u00f3mina<br>\n                      <\/p>\n                    <\/div>\n                  <\/div>\n                <\/div>\n              <\/div>\n            <\/div>\n          <\/div>\n        <\/div>\n        <div class=\"data-layout-selected u-clearfix u-expanded-width u-layout-wrap u-layout-wrap-2\">\n          <div class=\"u-layout\">\n            <div class=\"u-layout-row\">\n              <div class=\"u-align-center u-container-align-center u-container-style u-layout-cell u-size-15 u-size-30-md u-layout-cell-4\">\n                <div class=\"u-border-2 u-border-grey-75 u-container-layout u-container-layout-4\">\n                  <div class=\"u-container-style u-custom-color-2 u-expanded-width u-group u-group-1\">\n                    <div class=\"u-container-layout u-valign-top-lg u-valign-top-md u-valign-top-sm u-valign-top-xs u-container-layout-5\">\n                      <p class=\"u-custom-font u-font-montserrat u-text u-text-4\">RECA<\/p>\n                    <\/div>\n                  <\/div>\n                  <p class=\"u-custom-font u-font-montserrat u-text u-text-5\">15094-450-039797\/01-00123-0124<\/p>\n                <\/div>\n              <\/div>\n              <div class=\"u-align-center u-container-align-center u-container-style u-layout-cell u-size-15 u-size-30-md u-layout-cell-5\">\n                <div class=\"u-border-2 u-border-custom-color-2 u-container-layout u-container-layout-6\">\n                  <div class=\"u-align-center-sm u-align-center-xs u-align-left-lg u-align-left-md u-container-style u-custom-color-2 u-expanded-width u-group u-group-2\">\n                    <div class=\"u-container-layout u-valign-middle-lg u-valign-middle-md u-valign-middle-xl u-container-layout-7\">\n                      <p class=\"u-custom-font u-font-montserrat u-text u-text-6\">Tasa de Inter\u00e9s Anual Fija<\/p>\n                    <\/div>\n                  <\/div>\n                  <p class=\"u-custom-font u-font-montserrat u-text u-text-7\">35.33 %<\/p>\n                <\/div>\n              <\/div>\n              <div class=\"u-align-center u-container-align-center u-container-style u-layout-cell u-size-12 u-size-30-md u-layout-cell-6\">\n                <div class=\"u-border-2 u-border-custom-color-2 u-container-layout u-container-layout-8\">\n                  <div class=\"u-align-center-sm u-align-center-xs u-container-style u-custom-color-2 u-expanded-width u-group u-group-3\">\n                    <div class=\"u-container-layout u-valign-middle-xl u-valign-top-lg u-valign-top-md u-container-layout-9\">\n                      <p class=\"u-custom-font u-font-montserrat u-text u-text-8\">CAT *<\/p>\n                    <\/div>\n                  <\/div>\n                  <p class=\"u-custom-font u-font-montserrat u-text u-text-9\">78.2 %<\/p>\n                <\/div>\n              <\/div>\n              <div class=\"u-align-center u-container-align-center u-container-style u-layout-cell u-size-18 u-size-30-md u-layout-cell-7\">\n                <div class=\"u-border-2 u-border-custom-color-2 u-container-layout u-container-layout-10\">\n                  <div class=\"u-align-center-sm u-align-center-xs u-align-left-lg u-align-left-md u-container-style u-custom-color-2 u-group u-group-4\">\n                    <div class=\"u-container-layout u-valign-middle u-container-layout-11\">\n                      <p class=\"u-custom-font u-font-montserrat u-text u-text-10\">Comisiones Relevantes<\/p>\n                    <\/div>\n                  <\/div>\n                  <p class=\"u-custom-font u-font-montserrat u-text u-text-11\">El producto no genera comisi\u00f3n alguna<\/p>\n                <\/div>\n              <\/div>\n            <\/div>\n          <\/div>\n        <\/div>\n        <p class=\"u-custom-font u-font-montserrat u-text u-text-12\">&nbsp;*CAT promedio basado en los diferentes plazos y periodicidad. Actualizado al 01 de enero de 2026.<br>Este producto no toma en cuenta bur\u00f3 de cr\u00e9dito<br><b>PARA\nFINES INFORMATIVOS Y DE COMPARACI\u00d3N<\/b><b><\/b>\n          <br>\n        <\/p>\n        <div class=\"u-clearfix u-expanded-width u-layout-wrap u-layout-wrap-3\">\n          <div class=\"u-layout\">\n            <div class=\"u-layout-col\">\n              <div class=\"u-size-60\">\n                <div class=\"u-layout-row\">\n                  <div class=\"u-container-style u-custom-color-2 u-layout-cell u-size-30 u-layout-cell-8\">\n                    <div class=\"u-container-layout u-container-layout-12\">\n                      <p class=\"u-custom-font u-font-montserrat u-text u-text-13\">Nombre Comercial del Producto:<br>\n                        <br>Tipo de Cr\u00e9dito:&nbsp;<br>\n                      <\/p>\n                    <\/div>\n                  <\/div>\n                  <div class=\"u-container-style u-layout-cell u-size-30 u-layout-cell-9\">\n                    <div class=\"u-border-2 u-border-custom-color-2 u-container-layout u-container-layout-13\">\n                      <p class=\"u-custom-font u-font-montserrat u-text u-text-14\"> Cr\u00e9dito de N\u00f3mina Emprende M\u00e1s<br>\n                        <br>&nbsp;Cr\u00e9dito de N\u00f3mina<br>\n                      <\/p>\n                    <\/div>\n                  <\/div>\n                <\/div>\n              <\/div>\n            <\/div>\n          <\/div>\n        <\/div>\n        <div class=\"data-layout-selected u-clearfix u-expanded-width u-layout-wrap u-layout-wrap-4\">\n          <div class=\"u-layout\">\n            <div class=\"u-layout-row\">\n              <div class=\"u-align-center u-container-align-center u-container-style u-layout-cell u-size-15 u-size-30-md u-layout-cell-10\">\n                <div class=\"u-border-2 u-border-grey-75 u-container-layout u-container-layout-14\">\n                  <div class=\"u-container-style u-custom-color-2 u-expanded-width u-group u-group-5\">\n                    <div class=\"u-container-layout u-valign-top-lg u-valign-top-md u-valign-top-sm u-valign-top-xs u-container-layout-15\">\n                      <p class=\"u-custom-font u-font-montserrat u-text u-text-15\">RECA<\/p>\n                    <\/div>\n                  <\/div>\n                  <p class=\"u-custom-font u-font-montserrat u-text u-text-16\">15094-450-039798\/01-00128-0124<\/p>\n                <\/div>\n              <\/div>\n              <div class=\"u-align-center u-container-align-center u-container-style u-layout-cell u-size-15 u-size-30-md u-layout-cell-11\">\n                <div class=\"u-border-2 u-border-custom-color-2 u-container-layout u-container-layout-16\">\n                  <div class=\"u-align-center-sm u-align-center-xs u-align-left-lg u-align-left-md u-container-style u-custom-color-2 u-expanded-width u-group u-group-6\">\n                    <div class=\"u-container-layout u-valign-middle-lg u-valign-middle-md u-valign-middle-xl u-container-layout-17\">\n                      <p class=\"u-custom-font u-font-montserrat u-text u-text-17\">Tasa de Inter\u00e9s Anual Fija<\/p>\n                    <\/div>\n                  <\/div>\n                  <p class=\"u-custom-font u-font-montserrat u-text u-text-18\">44.38 %<\/p>\n                <\/div>\n              <\/div>\n              <div class=\"u-align-center u-container-align-center u-container-style u-layout-cell u-size-12 u-size-30-md u-layout-cell-12\">\n                <div class=\"u-border-2 u-border-custom-color-2 u-container-layout u-container-layout-18\">\n                  <div class=\"u-align-center-sm u-align-center-xs u-container-style u-custom-color-2 u-expanded-width u-group u-group-7\">\n                    <div class=\"u-container-layout u-valign-middle-xl u-valign-top-lg u-valign-top-md u-container-layout-19\">\n                      <p class=\"u-custom-font u-font-montserrat u-text u-text-19\">CAT *<\/p>\n                    <\/div>\n                  <\/div>\n                  <p class=\"u-custom-font u-font-montserrat u-text u-text-20\">55.3 %<\/p>\n                <\/div>\n              <\/div>\n              <div class=\"u-align-center u-container-align-center u-container-style u-layout-cell u-size-18 u-size-30-md u-layout-cell-13\">\n                <div class=\"u-border-2 u-border-custom-color-2 u-container-layout u-container-layout-20\">\n                  <div class=\"u-align-center-sm u-align-center-xs u-align-left-lg u-align-left-md u-container-style u-custom-color-2 u-group u-group-8\">\n                    <div class=\"u-container-layout u-valign-middle u-container-layout-21\">\n                      <p class=\"u-custom-font u-font-montserrat u-text u-text-21\">Comisiones Relevantes<\/p>\n                    <\/div>\n                  <\/div>\n                  <p class=\"u-custom-font u-font-montserrat u-text u-text-22\">El producto no genera comisi\u00f3n alguna<\/p>\n                <\/div>\n              <\/div>\n            <\/div>\n          <\/div>\n        <\/div>\n        <p class=\"u-custom-font u-font-montserrat u-text u-text-23\">&nbsp;*CAT promedio basado en los diferentes plazos y periodicidad. Actualizado al 01 de enero de 2026.<br>Este producto no toma en cuenta bur\u00f3 de cr\u00e9dito<br><b>PARA\nFINES INFORMATIVOS Y DE COMPARACI\u00d3N<\/b><b><\/b>\n          <br>\n        <\/p>\n        <div class=\"data-layout-selected u-clearfix u-expanded-width u-layout-wrap u-layout-wrap-5\">\n          <div class=\"u-layout\">\n            <div class=\"u-layout-col\">\n              <div class=\"u-size-60\">\n                <div class=\"u-layout-row\">\n                  <div class=\"u-container-style u-custom-color-2 u-layout-cell u-size-30 u-layout-cell-14\">\n                    <div class=\"u-container-layout u-container-layout-22\">\n                      <p class=\"u-custom-font u-font-montserrat u-text u-text-24\">Nombre Comercial del Producto:<br>\n                        <br>Tipo de Cr\u00e9dito:&nbsp;<br>\n                      <\/p>\n                    <\/div>\n                  <\/div>\n                  <div class=\"u-container-style u-layout-cell u-size-30 u-layout-cell-15\">\n                    <div class=\"u-border-2 u-border-custom-color-2 u-container-layout u-container-layout-23\">\n                      <p class=\"u-custom-font u-font-montserrat u-text u-text-25\"> Cr\u00e9dito simple<br>Empresarial<br>\n                        <br>Cr\u00e9dito simple<br>\n                      <\/p>\n                    <\/div>\n                  <\/div>\n                <\/div>\n              <\/div>\n            <\/div>\n          <\/div>\n        <\/div>\n        <div class=\"data-layout-selected u-clearfix u-expanded-width u-layout-wrap u-layout-wrap-6\">\n          <div class=\"u-layout\">\n            <div class=\"u-layout-row\">\n              <div class=\"u-align-center u-container-align-center u-container-style u-layout-cell u-size-15 u-size-30-md u-layout-cell-16\">\n                <div class=\"u-border-2 u-border-grey-75 u-container-layout u-container-layout-24\">\n                  <div class=\"u-container-style u-custom-color-2 u-expanded-width u-group u-group-9\">\n                    <div class=\"u-container-layout u-valign-top-lg u-valign-top-md u-valign-top-sm u-valign-top-xs u-container-layout-25\">\n                      <p class=\"u-custom-font u-font-montserrat u-text u-text-26\">RECA<\/p>\n                    <\/div>\n                  <\/div>\n                  <p class=\"u-custom-font u-font-montserrat u-text u-text-27\">15094-439-037158\/02-04818-1122<\/p>\n                <\/div>\n              <\/div>\n              <div class=\"u-align-center u-container-align-center u-container-style u-layout-cell u-size-15 u-size-30-md u-layout-cell-17\">\n                <div class=\"u-border-2 u-border-custom-color-2 u-container-layout u-container-layout-26\">\n                  <div class=\"u-align-center-sm u-align-center-xs u-align-left-lg u-align-left-md u-container-style u-custom-color-2 u-expanded-width u-group u-group-10\">\n                    <div class=\"u-container-layout u-valign-middle-lg u-valign-middle-md u-valign-middle-xl u-container-layout-27\">\n                      <p class=\"u-custom-font u-font-montserrat u-text u-text-28\">Tasa de Inter\u00e9s Anual Fija<\/p>\n                    <\/div>\n                  <\/div>\n                  <p class=\"u-custom-font u-font-montserrat u-text u-text-29\">17.25 %<\/p>\n                <\/div>\n              <\/div>\n              <div class=\"u-align-center u-container-align-center u-container-style u-layout-cell u-size-12 u-size-30-md u-layout-cell-18\">\n                <div class=\"u-border-2 u-border-custom-color-2 u-container-layout u-container-layout-28\">\n                  <div class=\"u-align-center-sm u-align-center-xs u-container-style u-custom-color-2 u-expanded-width u-group u-group-11\">\n                    <div class=\"u-container-layout u-valign-middle-xl u-valign-top-lg u-valign-top-md u-container-layout-29\">\n                      <p class=\"u-custom-font u-font-montserrat u-text u-text-30\">CAT *<\/p>\n                    <\/div>\n                  <\/div>\n                  <p class=\"u-custom-font u-font-montserrat u-text u-text-31\">21.6 %<\/p>\n                <\/div>\n              <\/div>\n              <div class=\"u-align-center u-container-align-center u-container-style u-layout-cell u-size-18 u-size-30-md u-layout-cell-19\">\n                <div class=\"u-border-2 u-border-custom-color-2 u-container-layout u-container-layout-30\">\n                  <div class=\"u-align-center-sm u-align-center-xs u-align-left-lg u-align-left-md u-container-style u-custom-color-2 u-group u-group-12\">\n                    <div class=\"u-container-layout u-valign-middle u-container-layout-31\">\n                      <p class=\"u-custom-font u-font-montserrat u-text u-text-32\">Comisiones Relevantes<\/p>\n                    <\/div>\n                  <\/div>\n                  <p class=\"u-custom-font u-font-montserrat u-text u-text-33\">Apertura 3%<br>Pena convencional 3%\n                  <\/p>\n                <\/div>\n              <\/div>\n            <\/div>\n          <\/div>\n        <\/div>\n        <p class=\"u-custom-font u-font-montserrat u-text u-text-34\">&nbsp;*CAT promedio basado en los diferentes plazos y periodicidad. Actualizado al 01 de enero de 2026.<br><b>PARA\nFINES INFORMATIVOS Y DE COMPARACI\u00d3N<\/b><b><\/b>\n          <br>\n        <\/p>\n        <div class=\"data-layout-selected u-clearfix u-expanded-width u-layout-wrap u-layout-wrap-7\">\n          <div class=\"u-layout\">\n            <div class=\"u-layout-col\">\n              <div class=\"u-size-60\">\n                <div class=\"u-layout-row\">\n                  <div class=\"u-container-style u-custom-color-2 u-layout-cell u-size-30 u-layout-cell-20\">\n                    <div class=\"u-container-layout u-container-layout-32\">\n                      <p class=\"u-custom-font u-font-montserrat u-text u-text-35\">Nombre Comercial del Producto:<br>\n                        <br>Tipo de Cr\u00e9dito:&nbsp;<br>\n                      <\/p>\n                    <\/div>\n                  <\/div>\n                  <div class=\"u-container-style u-layout-cell u-size-30 u-layout-cell-21\">\n                    <div class=\"u-border-2 u-border-custom-color-2 u-container-layout u-container-layout-33\">\n                      <p class=\"u-custom-font u-font-montserrat u-text u-text-36\"> Arrendamiento financiero Emprende M\u00e1s<br>\n                        <br>Arrendamiento<br>\n                      <\/p>\n                    <\/div>\n                  <\/div>\n                <\/div>\n              <\/div>\n            <\/div>\n          <\/div>\n        <\/div>\n        <div class=\"data-layout-selected u-clearfix u-expanded-width u-layout-wrap u-layout-wrap-8\">\n          <div class=\"u-layout\">\n            <div class=\"u-layout-row\">\n              <div class=\"u-align-center u-container-align-center u-container-style u-layout-cell u-size-19 u-layout-cell-22\">\n                <div class=\"u-border-2 u-border-grey-75 u-container-layout u-container-layout-34\">\n                  <div class=\"custom-expanded u-align-center u-container-align-center u-container-style u-custom-color-2 u-group u-group-13\">\n                    <div class=\"u-container-layout u-valign-middle-xl u-valign-top-lg u-valign-top-md u-valign-top-sm u-valign-top-xs u-container-layout-35\">\n                      <p class=\"u-custom-font u-font-montserrat u-text u-text-37\">RECA<\/p>\n                    <\/div>\n                  <\/div>\n                  <p class=\"u-custom-font u-font-montserrat u-text u-text-38\"> 15094-426-037470\/0l-00095-0123<\/p>\n                <\/div>\n              <\/div>\n              <div class=\"u-align-center u-container-align-center u-container-style u-layout-cell u-size-19 u-layout-cell-23\">\n                <div class=\"u-border-2 u-border-custom-color-2 u-container-layout u-valign-bottom-xl u-container-layout-36\">\n                  <div class=\"custom-expanded u-align-center-sm u-align-center-xs u-align-left-lg u-align-left-md u-container-style u-custom-color-2 u-group u-group-14\">\n                    <div class=\"u-container-layout u-valign-middle-lg u-valign-middle-md u-valign-middle-xl u-container-layout-37\">\n                      <p class=\"u-custom-font u-font-montserrat u-text u-text-39\">Tasa de Inter\u00e9s Anual Fija<\/p>\n                    <\/div>\n                  <\/div>\n                  <p class=\"u-custom-font u-font-montserrat u-text u-text-40\">53.65 %<\/p>\n                <\/div>\n              <\/div>\n              <div class=\"u-align-center u-container-align-center u-container-style u-layout-cell u-size-22 u-layout-cell-24\">\n                <div class=\"u-border-2 u-border-custom-color-2 u-container-layout u-valign-bottom-xl u-container-layout-38\">\n                  <div class=\"u-align-center-sm u-align-center-xs u-align-left-lg u-align-left-md u-container-style u-custom-color-2 u-group u-group-15\">\n                    <div class=\"u-container-layout u-valign-middle u-container-layout-39\">\n                      <p class=\"u-custom-font u-font-montserrat u-text u-text-41\">Comisiones Relevantes<\/p>\n                    <\/div>\n                  <\/div>\n                  <p class=\"u-custom-font u-font-montserrat u-text u-text-42\"> El producto no genera comisi\u00f3n alguna<\/p>\n                <\/div>\n              <\/div>\n            <\/div>\n          <\/div>\n        <\/div>\n        <p class=\"u-custom-font u-font-montserrat u-text u-text-43\"> Actualizado al 01 de enero de 2026<br><b>PARA\nFINES INFORMATIVOS Y DE COMPARACI\u00d3N<\/b><b><\/b>\n          <br>\n        <\/p>\n        <div class=\"data-layout-selected u-clearfix u-expanded-width u-layout-wrap u-layout-wrap-9\">\n          <div class=\"u-layout\">\n            <div class=\"u-layout-col\">\n              <div class=\"u-size-60\">\n                <div class=\"u-layout-row\">\n                  <div class=\"u-container-style u-custom-color-2 u-layout-cell u-size-30 u-layout-cell-25\">\n                    <div class=\"u-container-layout u-container-layout-40\">\n                      <p class=\"u-custom-font u-font-montserrat u-text u-text-44\">Nombre Comercial del Producto:<br>\n                        <br>Tipo de Cr\u00e9dito:&nbsp;<br>\n                      <\/p>\n                    <\/div>\n                  <\/div>\n                  <div class=\"u-container-style u-layout-cell u-size-30 u-layout-cell-26\">\n                    <div class=\"u-border-2 u-border-custom-color-2 u-container-layout u-container-layout-41\">\n                      <p class=\"u-custom-font u-font-montserrat u-text u-text-45\"> Fideicomisos<br>\n                        <br>\n                        <br>Servicios<br>\n                      <\/p>\n                    <\/div>\n                  <\/div>\n                <\/div>\n              <\/div>\n            <\/div>\n          <\/div>\n        <\/div>\n        <div class=\"data-layout-selected u-clearfix u-expanded-width u-layout-wrap u-layout-wrap-10\">\n          <div class=\"u-layout\">\n            <div class=\"u-layout-row\">\n              <div class=\"u-align-center u-container-align-center u-container-style u-layout-cell u-size-19 u-layout-cell-27\">\n                <div class=\"u-border-2 u-border-grey-75 u-container-layout u-container-layout-42\">\n                  <div class=\"custom-expanded u-align-center u-container-align-center u-container-style u-custom-color-2 u-group u-group-16\">\n                    <div class=\"u-container-layout u-valign-middle-xl u-valign-top-lg u-valign-top-md u-valign-top-sm u-valign-top-xs u-container-layout-43\">\n                      <p class=\"u-custom-font u-font-montserrat u-text u-text-46\">RECA<\/p>\n                    <\/div>\n                  <\/div>\n                  <p class=\"u-custom-font u-font-montserrat u-text u-text-47\"> 15094-426-037470\/0l-00095-0123<\/p>\n                <\/div>\n              <\/div>\n              <div class=\"u-align-left u-container-align-left u-container-style u-layout-cell u-size-19 u-layout-cell-28\">\n                <div class=\"u-border-2 u-border-custom-color-2 u-container-layout u-container-layout-44\">\n                  <div class=\"custom-expanded u-align-center-sm u-align-center-xs u-align-left-lg u-align-left-md u-container-style u-custom-color-2 u-group u-group-17\">\n                    <div class=\"u-container-layout u-valign-middle-lg u-valign-middle-md u-valign-middle-xl u-container-layout-45\">\n                      <p class=\"u-custom-font u-font-montserrat u-text u-text-48\">Costos de Contrataci\u00f3n<\/p>\n                    <\/div>\n                  <\/div>\n                  <ul class=\"u-text u-text-49\">\n                    <li> Por administraci\u00f3n (Anual) con el factor Variable seg\u00fan patrimonio<\/li>\n                    <li>Aceptaci\u00f3n (\u00fanica Vez) Variable<\/li>\n                  <\/ul>\n                <\/div>\n              <\/div>\n              <div class=\"u-align-center u-container-align-center u-container-style u-layout-cell u-size-22 u-layout-cell-29\">\n                <div class=\"u-border-2 u-border-custom-color-2 u-container-layout u-container-layout-46\">\n                  <div class=\"u-align-center-sm u-align-center-xs u-align-left-lg u-align-left-md u-container-style u-custom-color-2 u-group u-group-18\">\n                    <div class=\"u-container-layout u-valign-middle u-container-layout-47\">\n                      <p class=\"u-custom-font u-font-montserrat u-text u-text-50\">Comisiones Relevantes<\/p>\n                    <\/div>\n                  <\/div>\n                  <p class=\"u-custom-font u-font-montserrat u-text u-text-51\"> El producto no genera comisi\u00f3n alguna<\/p>\n                <\/div>\n              <\/div>\n            <\/div>\n          <\/div>\n        <\/div>\n        <p class=\"u-custom-font u-font-montserrat u-text u-text-52\">Actualizado al 01 de enero de 2026.<br><b>PARA\nFINES INFORMATIVOS Y DE COMPARACI\u00d3N<\/b><b><\/b>\n          <br>\n        <\/p>\n      <\/div>\n    <\/section>\n    \n    \n    \n  \n","protected":false},"excerpt":{"rendered":"<p>Productos EMPRENDE M\u00c1S Nombre Comercial del Producto: Tipo de Cr\u00e9dito:&nbsp; Cr\u00e9dito de N\u00f3mina Tradicional &nbsp;Cr\u00e9dito de N\u00f3mina RECA 15094-450-039797\/01-00123-0124 Tasa de Inter\u00e9s Anual Fija 35.33 % CAT * 78.2 % Comisiones Relevantes El producto no genera comisi\u00f3n alguna &nbsp;*CAT promedio basado en los diferentes plazos y periodicidad. Actualizado al 01 de enero de 2026.Este producto &hellip; <a href=\"https:\/\/emprendemas.mx\/index.php\/costos-y-comisiones\/\" class=\"more-link\">Continue reading<span class=\"screen-reader-text\"> &#8220;Costos y comisiones&#8221;<\/span><\/a><\/p>\n","protected":false},"author":1,"featured_media":0,"parent":0,"menu_order":0,"comment_status":"closed","ping_status":"closed","template":"","meta":{"footnotes":""},"class_list":["post-365","page","type-page","status-publish","hentry"],"_links":{"self":[{"href":"https:\/\/emprendemas.mx\/index.php\/wp-json\/wp\/v2\/pages\/365","targetHints":{"allow":["GET"]}}],"collection":[{"href":"https:\/\/emprendemas.mx\/index.php\/wp-json\/wp\/v2\/pages"}],"about":[{"href":"https:\/\/emprendemas.mx\/index.php\/wp-json\/wp\/v2\/types\/page"}],"author":[{"embeddable":true,"href":"https:\/\/emprendemas.mx\/index.php\/wp-json\/wp\/v2\/users\/1"}],"replies":[{"embeddable":true,"href":"https:\/\/emprendemas.mx\/index.php\/wp-json\/wp\/v2\/comments?post=365"}],"version-history":[{"count":16,"href":"https:\/\/emprendemas.mx\/index.php\/wp-json\/wp\/v2\/pages\/365\/revisions"}],"predecessor-version":[{"id":1397,"href":"https:\/\/emprendemas.mx\/index.php\/wp-json\/wp\/v2\/pages\/365\/revisions\/1397"}],"wp:attachment":[{"href":"https:\/\/emprendemas.mx\/index.php\/wp-json\/wp\/v2\/media?parent=365"}],"curies":[{"name":"wp","href":"https:\/\/api.w.org\/{rel}","templated":true}]}}