{"id":510,"date":"2021-03-12T16:14:23","date_gmt":"2021-03-12T16:14:23","guid":{"rendered":"http:\/\/emprendemas.mx\/?page_id=510"},"modified":"2022-01-12T00:29:18","modified_gmt":"2022-01-12T00:29:18","slug":"tipos-de-fraude","status":"publish","type":"page","link":"https:\/\/emprendemas.mx\/index.php\/blog-1\/tipos-de-fraude\/","title":{"rendered":"Cancelar"},"content":{"rendered":"\n    \n    <section class=\"u-clearfix u-gradient u-section-2\" id=\"sec-5b2e\">\n      <img decoding=\"async\" src=\"https:\/\/emprendemas.mx\/wp-content\/uploads\/2021\/03\/EducacionF.fw_.png\" alt=\"\" class=\"u-image u-image-default u-preserve-proportions u-image-1\" data-image-width=\"211\" data-image-height=\"90\">\n      <div class=\"u-clearfix u-layout-wrap u-layout-wrap-1\">\n        <div class=\"u-layout\">\n          <div class=\"u-layout-row\">\n            <div class=\"u-container-style u-image u-layout-cell u-size-29 u-image-2\" data-image-width=\"354\" data-image-height=\"260\">\n              <div class=\"u-container-layout u-container-layout-1\"><\/div>\n            <\/div>\n            <div class=\"u-container-style u-layout-cell u-size-31 u-layout-cell-2\">\n              <div class=\"u-container-layout u-container-layout-2\">\n                <h3 class=\"u-text u-text-body-alt-color u-text-default u-text-1\">Conoce el portal:&nbsp;<br>\n                  <br>\n                <\/h3>\n                <h4 class=\"u-text u-text-default u-text-palette-2-base u-text-2\">FRAUDES FINANCIEROS<\/h4>\n                <p class=\"u-align-justify u-text u-text-body-alt-color u-text-default u-text-3\">Los defraudadores han buscado y posiblemente seguir\u00e1n \nbuscando nuevas formas de estafar. Hoy lo hacen mediante el \nuso de sofisticadas tecnolog\u00edas, a lo que se le conoce como \nfraudes cibern\u00e9ticos. \nComo parte de las acciones para mitigar este tipo de \ndelitos, en la CONDUSEF se cre\u00f3 el portal Fraudes \nFinancieros, con el que podr\u00e1s conocer los tel\u00e9fonos, \np\u00e1ginas de internet, correos electr\u00f3nicos e instituciones \nfalsas que son utilizados para cometer fraudes, adem\u00e1s del \nmodus operandi que utilizan para ello <\/p>\n              <\/div>\n            <\/div>\n          <\/div>\n        <\/div>\n      <\/div>\n      <div class=\"u-clearfix u-layout-wrap u-layout-wrap-2\">\n        <div class=\"u-layout\">\n          <div class=\"u-layout-row\">\n            <div class=\"u-container-style u-layout-cell u-size-30 u-layout-cell-3\">\n              <div class=\"u-container-layout u-container-layout-3\">\n                <h3 class=\"u-text u-text-default u-text-palette-2-base u-text-4\">CON\u00d3CELO.<\/h3>\n                <p class=\"u-align-justify u-text u-text-body-alt-color u-text-default u-text-5\">S\u00f3lo deber\u00e1s ingresar a \nwww.condusef.gob.mx, seleccionar en la \nopci\u00f3n \u201cAtenci\u00f3n a Usuarios\u201d el submen\u00fa \n\u201cConoce y Eval\u00faa\u201d y dar clic en el \u201cPortal de \nfraudes Financieros\u201d, donde podr\u00e1s:<\/p>\n                <ul class=\"u-align-justify u-custom-list u-text u-text-body-alt-color u-text-default u-text-6\">\n                  <li style=\"\">\n                    <div class=\"u-list-icon\">\n                      <svg class=\"u-svg-content\" id=\"svg-da22\" style=\"color: rgb(235, 186, 22); font-size: 1.1em; margin: -1.1em;\"><circle style=\"fill:currentColor;\" cx=\"29\" cy=\"29\" r=\"29\"><\/circle><polygon style=\"fill:#FFFFFF;\" points=\"44,29 22,44 22,29.273 22,14 \"><\/polygon><path style=\"fill:#FFFFFF;\" d=\"M22,45c-0.16,0-0.321-0.038-0.467-0.116C21.205,44.711,21,44.371,21,44V14 c0-0.371,0.205-0.711,0.533-0.884c0.328-0.174,0.724-0.15,1.031,0.058l22,15C44.836,28.36,45,28.669,45,29s-0.164,0.64-0.437,0.826 l-22,15C22.394,44.941,22.197,45,22,45z M23,15.893v26.215L42.225,29L23,15.893z\"><\/path><\/svg>\n                    <\/div>Conocer los n\u00fameros telef\u00f3nicos, p\u00e1ginas \nweb, perfiles de redes sociales o correos \nelectr\u00f3nicos reportados como posibles \nfraudes.&nbsp;\n                  <\/li>\n                  <li style=\"\">\n                    <div class=\"u-list-icon\">\n                      <svg class=\"u-svg-content\" id=\"svg-da22\" style=\"color: rgb(235, 186, 22); font-size: 1.1em; margin: -1.1em;\"><circle style=\"fill:currentColor;\" cx=\"29\" cy=\"29\" r=\"29\"><\/circle><polygon style=\"fill:#FFFFFF;\" points=\"44,29 22,44 22,29.273 22,14 \"><\/polygon><path style=\"fill:#FFFFFF;\" d=\"M22,45c-0.16,0-0.321-0.038-0.467-0.116C21.205,44.711,21,44.371,21,44V14 c0-0.371,0.205-0.711,0.533-0.884c0.328-0.174,0.724-0.15,1.031,0.058l22,15C44.836,28.36,45,28.669,45,29s-0.164,0.64-0.437,0.826 l-22,15C22.394,44.941,22.197,45,22,45z M23,15.893v26.215L42.225,29L23,15.893z\"><\/path><\/svg>\n                    <\/div>Compartir tu experiencia en caso de haber \nsido v\u00edctima de un posible fraude, para que \nla CONDUSEF analice el caso y pueda \nprevenir a otros usuarios del peligro.&nbsp;\n                  <\/li>\n                  <li style=\"\">\n                    <div class=\"u-list-icon\">\n                      <svg class=\"u-svg-content\" id=\"svg-da22\" style=\"color: rgb(235, 186, 22); font-size: 1.1em; margin: -1.1em;\"><circle style=\"fill:currentColor;\" cx=\"29\" cy=\"29\" r=\"29\"><\/circle><polygon style=\"fill:#FFFFFF;\" points=\"44,29 22,44 22,29.273 22,14 \"><\/polygon><path style=\"fill:#FFFFFF;\" d=\"M22,45c-0.16,0-0.321-0.038-0.467-0.116C21.205,44.711,21,44.371,21,44V14 c0-0.371,0.205-0.711,0.533-0.884c0.328-0.174,0.724-0.15,1.031,0.058l22,15C44.836,28.36,45,28.669,45,29s-0.164,0.64-0.437,0.826 l-22,15C22.394,44.941,22.197,45,22,45z M23,15.893v26.215L42.225,29L23,15.893z\"><\/path><\/svg>\n                    <\/div>Denunciar tel\u00e9fonos, p\u00e1ginas web, perfiles \nde redes sociales y correos electr\u00f3nicos en \ncaso de sufrir alg\u00fan fraude financiero.&nbsp;\n                  <\/li>\n                  <li style=\"\">\n                    <div class=\"u-list-icon\">\n                      <svg class=\"u-svg-content\" id=\"svg-da22\" style=\"color: rgb(235, 186, 22); font-size: 1.1em; margin: -1.1em;\"><circle style=\"fill:currentColor;\" cx=\"29\" cy=\"29\" r=\"29\"><\/circle><polygon style=\"fill:#FFFFFF;\" points=\"44,29 22,44 22,29.273 22,14 \"><\/polygon><path style=\"fill:#FFFFFF;\" d=\"M22,45c-0.16,0-0.321-0.038-0.467-0.116C21.205,44.711,21,44.371,21,44V14 c0-0.371,0.205-0.711,0.533-0.884c0.328-0.174,0.724-0.15,1.031,0.058l22,15C44.836,28.36,45,28.669,45,29s-0.164,0.64-0.437,0.826 l-22,15C22.394,44.941,22.197,45,22,45z M23,15.893v26.215L42.225,29L23,15.893z\"><\/path><\/svg>\n                    <\/div>Consultar diverso material sobre el tema.&nbsp;<br>\n                  <\/li>\n                <\/ul>\n              <\/div>\n            <\/div>\n            <div class=\"u-container-style u-layout-cell u-size-30 u-layout-cell-4\">\n              <div class=\"u-container-layout u-valign-bottom u-container-layout-4\">\n                <h3 class=\"u-text u-text-default u-text-palette-2-base u-text-7\">\u00bfC\u00d3MO CUIDARME<\/h3>\n                <ul class=\"u-align-justify u-custom-list u-text u-text-body-alt-color u-text-default u-text-8\">\n                  <li style=\"\">\n                    <div class=\"u-list-icon\">\n                      <svg class=\"u-svg-content\" id=\"svg-7462\" style=\"color: rgb(239, 206, 74); font-size: 1em; margin: -1em;\"><polygon fill=\"currentColor\" points=\"26.934,1.318 35.256,18.182 53.867,20.887 40.4,34.013 43.579,52.549 26.934,43.798 10.288,52.549 13.467,34.013 0,20.887 18.611,18.182 \"><\/polygon><\/svg>\n                    <\/div>No proporciones informaci\u00f3n personal en \nllamadas telef\u00f3nicas o correos electr\u00f3nicos sin \nantes verificar su procedencia.&nbsp;\n                  <\/li>\n                  <li style=\"\">\n                    <div class=\"u-list-icon\">\n                      <svg class=\"u-svg-content\" id=\"svg-7462\" style=\"color: rgb(239, 206, 74); font-size: 1em; margin: -1em;\"><polygon fill=\"currentColor\" points=\"26.934,1.318 35.256,18.182 53.867,20.887 40.4,34.013 43.579,52.549 26.934,43.798 10.288,52.549 13.467,34.013 0,20.887 18.611,18.182 \"><\/polygon><\/svg>\n                    <\/div>Al introducir tus datos bancarios en sitios web, \naseg\u00farate que la p\u00e1gina empiece con https:\/\/ y \nque contenga un candado cerrado en el lado \nsuperior derecho de la barra de direcciones.&nbsp;\n                  <\/li>\n                  <li style=\"\">\n                    <div class=\"u-list-icon\">\n                      <svg class=\"u-svg-content\" id=\"svg-7462\" style=\"color: rgb(239, 206, 74); font-size: 1em; margin: -1em;\"><polygon fill=\"currentColor\" points=\"26.934,1.318 35.256,18.182 53.867,20.887 40.4,34.013 43.579,52.549 26.934,43.798 10.288,52.549 13.467,34.013 0,20.887 18.611,18.182 \"><\/polygon><\/svg>\n                    <\/div>No utilices computadoras o redes p\u00fablicas para \nrealizar compras electr\u00f3nicas y\/o transacciones \nbancarias.&nbsp;\n                  <\/li>\n                  <li style=\"\">\n                    <div class=\"u-list-icon\">\n                      <svg class=\"u-svg-content\" id=\"svg-7462\" style=\"color: rgb(239, 206, 74); font-size: 1em; margin: -1em;\"><polygon fill=\"currentColor\" points=\"26.934,1.318 35.256,18.182 53.867,20.887 40.4,34.013 43.579,52.549 26.934,43.798 10.288,52.549 13.467,34.013 0,20.887 18.611,18.182 \"><\/polygon><\/svg>\n                    <\/div>En caso de p\u00e9rdida o robo de identificaciones, \ninforma de inmediato a las instituciones \ncorrespondientes para evitar que sean utilizadas \npara una acci\u00f3n il\u00edcita.&nbsp;\n                  <\/li>\n                  <li style=\"\">\n                    <div class=\"u-list-icon\">\n                      <svg class=\"u-svg-content\" id=\"svg-7462\" style=\"color: rgb(239, 206, 74); font-size: 1em; margin: -1em;\"><polygon fill=\"currentColor\" points=\"26.934,1.318 35.256,18.182 53.867,20.887 40.4,34.013 43.579,52.549 26.934,43.798 10.288,52.549 13.467,34.013 0,20.887 18.611,18.182 \"><\/polygon><\/svg>\n                    <\/div>Monitorea tus cuentas y trata de cambiar tus \ncontrase\u00f1as con frecuencia.&nbsp;\n                  <\/li>\n                  <li style=\"\">\n                    <div class=\"u-list-icon\">\n                      <svg class=\"u-svg-content\" id=\"svg-7462\" style=\"color: rgb(239, 206, 74); font-size: 1em; margin: -1em;\"><polygon fill=\"currentColor\" points=\"26.934,1.318 35.256,18.182 53.867,20.887 40.4,34.013 43.579,52.549 26.934,43.798 10.288,52.549 13.467,34.013 0,20.887 18.611,18.182 \"><\/polygon><\/svg>\n                    <\/div>Activa alertas en tus cuentas y tarjetas, as\u00ed cada \nvez que tengan alg\u00fan movimiento te llegar\u00e1 un \nmensaje a tu correo o tel\u00e9fono celular.<br>\n                  <\/li>\n                <\/ul>\n              <\/div>\n            <\/div>\n          <\/div>\n        <\/div>\n      <\/div>\n      <div class=\"u-border-2 u-border-palette-2-base u-container-style u-group u-shape-rectangle u-group-1\">\n        <div class=\"u-container-layout u-container-layout-5\">\n          <h3 class=\"u-align-center u-text u-text-palette-2-base u-text-9\">TOMA NOTA<\/h3>\n          <p class=\"u-text u-text-body-alt-color u-text-default u-text-10\">&nbsp;Si ya fuiste v\u00edctima de fraude, contacta a las instituciones financieras con \nquien tienes productos contratados para informar tu situaci\u00f3n. Adem\u00e1s \nno dejes de acudir al Ministerio P\u00fablico para levantar un acta<\/p>\n        <\/div>\n      <\/div>\n    <\/section>\n    <section class=\"u-clearfix u-section-3\" id=\"sec-d937\">\n      <div class=\"u-clearfix u-sheet u-sheet-1\">\n        <img decoding=\"async\" src=\"https:\/\/emprendemas.mx\/wp-content\/uploads\/2021\/03\/Logohacienda.png\" alt=\"\" class=\"u-image u-image-default u-image-1\" data-image-width=\"600\" data-image-height=\"172\" data-href=\"https:\/\/www.gob.mx\/shcp\" data-target=\"_blank\">\n        <img decoding=\"async\" src=\"https:\/\/emprendemas.mx\/wp-content\/uploads\/2021\/03\/Condusef.jpg\" alt=\"\" class=\"u-image u-image-default u-image-2\" data-image-width=\"800\" data-image-height=\"460\" data-href=\"https:\/\/www.gob.mx\/condusef\">\n      <\/div>\n    <\/section>\n    <section class=\"u-clearfix u-palette-2-base u-section-4\" id=\"sec-5603\">\n      <div class=\"u-clearfix u-sheet u-sheet-1\">\n        <h3 class=\"u-custom-font u-font-montserrat u-text u-text-1\">\n          <a class=\"u-active-none u-border-none u-btn u-button-link u-button-style u-hover-none u-none u-text-palette-1-base u-btn-1\" href=\"https:\/\/www.gob.mx\/condusef\" target=\"_blank\">condusef.gob.mx<\/a>\n        <\/h3>\n        <div class=\"u-align-left u-social-icons u-spacing-20 u-social-icons-1\">\n          <a class=\"u-social-url\" target=\"_blank\" href=\"\"><span class=\"u-icon u-icon-circle u-social-facebook u-social-icon u-icon-1\"><svg class=\"u-svg-link\" preserveAspectRatio=\"xMidYMin slice\" viewBox=\"0 0 112 112\" style=\"\"><use xlink:href=\"#svg-2be9\"><\/use><\/svg><svg class=\"u-svg-content\" id=\"svg-2be9\" style=\"color: rgb(255, 255, 255);\"><path d=\"M56.1,0C25.1,0,0,25.1,0,56.1c0,31,25.1,56.1,56.1,56.1c31,0,56.1-25.1,56.1-56.1C112.2,25.1,87.1,0,56.1,0z M71.6,34.3h-8.2c-1.3,0-3.2,0.7-3.2,3.5v7.6h11.3l-1.3,12.9h-10V95H45V58.3h-7.2V45.4H45v-8.3c0-6,2.8-15.3,15.3-15.3l11.2,0V34.3z \"><\/path><\/svg>\n          \n          \n        <\/span>\n          <\/a>\n          <a class=\"u-social-url\" target=\"_blank\" href=\"\"><span class=\"u-icon u-icon-circle u-social-icon u-social-twitter u-icon-2\"><svg class=\"u-svg-link\" preserveAspectRatio=\"xMidYMin slice\" viewBox=\"0 0 112 112\" style=\"\"><use xlink:href=\"#svg-0687\"><\/use><\/svg><svg class=\"u-svg-content\" id=\"svg-0687\" style=\"color: rgb(255, 255, 255);\"><path d=\"M56.1,0C25.1,0,0,25.1,0,56.1s25.1,56.1,56.1,56.1s56.1-25.1,56.1-56.1S87.1,0,56.1,0z M83.8,47.3 c0,0.6,0,1.2,0,1.7c0,17.7-13.5,38.2-38.2,38.2c-7.6,0-14.6-2.2-20.6-6c1,0.1,2.1,0.2,3.2,0.2c6.3,0,12.1-2.1,16.7-5.7 c-5.9-0.1-10.8-4-12.5-9.3c0.8,0.2,1.7,0.2,2.5,0.2c1.2,0,2.4-0.2,3.5-0.5c-6.1-1.2-10.8-6.7-10.8-13.1c0-0.1,0-0.1,0-0.2 c1.8,1,3.9,1.6,6.1,1.7c-3.6-2.4-6-6.5-6-11.2c0-2.5,0.7-4.8,1.8-6.7c6.6,8.1,16.5,13.5,27.6,14c-0.2-1-0.3-2-0.3-3.1 c0-7.4,6-13.4,13.4-13.4c3.9,0,7.3,1.6,9.8,4.2c3.1-0.6,5.9-1.7,8.5-3.3c-1,3.1-3.1,5.8-5.9,7.4c2.7-0.3,5.3-1,7.7-2.1 C88.7,43,86.4,45.4,83.8,47.3z\"><\/path><\/svg>\n          \n          \n        <\/span>\n          <\/a>\n          <a class=\"u-social-url\" target=\"_blank\" href=\"\"><span class=\"u-icon u-icon-circle u-social-icon u-social-instagram u-icon-3\"><svg class=\"u-svg-link\" preserveAspectRatio=\"xMidYMin slice\" viewBox=\"0 0 112 112\" style=\"\"><use xlink:href=\"#svg-ddcc\"><\/use><\/svg><svg class=\"u-svg-content\" id=\"svg-ddcc\" style=\"color: rgb(255, 255, 255);\"><path d=\"M56.1,0C25.1,0,0,25.1,0,56.1c0,31,25.1,56.1,56.1,56.1c31,0,56.1-25.1,56.1-56.1C112.2,25.1,87.1,0,56.1,0z M90.6,73.4c0,9.6-7.8,17.5-17.5,17.5H38.6c-9.6,0-17.5-7.9-17.5-17.6V38.8c0-9.6,7.8-17.5,17.5-17.5h34.5c9.6,0,17.5,7.8,17.5,17.5 V73.4z\"><\/path><path d=\"M73.1,28.9H38.6c-5.4,0-9.9,4.4-9.9,9.9v34.5c0,5.4,4.4,9.9,9.9,9.9h34.5c5.4,0,9.9-4.4,9.9-9.9V38.8 C83,33.4,78.6,28.9,73.1,28.9z M55.9,74C46,74,38,66,38,56.1c0-9.9,8-17.9,17.9-17.9c9.9,0,17.9,8,17.9,17.9 C73.8,66,65.8,74,55.9,74z M74.3,41.9c-2.3,0-4.2-1.9-4.2-4.2s1.9-4.2,4.2-4.2c2.3,0,4.2,1.9,4.2,4.2S76.6,41.9,74.3,41.9z\"><\/path><path d=\"M55.9,45.8c-5.7,0-10.4,4.6-10.3,10.3c0,5.7,4.6,10.3,10.3,10.3s10.3-4.6,10.3-10.3 C66.2,50.4,61.6,45.8,55.9,45.8z\"><\/path><\/svg>\n          \n          \n        <\/span>\n          <\/a>\n          <a class=\"u-social-url\" target=\"_blank\" title=\"YouTube\" href=\"\"><span class=\"u-icon u-icon-circle u-social-icon u-social-youtube u-icon-4\"><svg class=\"u-svg-link\" preserveAspectRatio=\"xMidYMin slice\" viewBox=\"0 0 112 112\" style=\"\"><use xlink:href=\"#svg-7197\"><\/use><\/svg><svg class=\"u-svg-content\" id=\"svg-7197\" style=\"color: rgb(210, 34, 21);\"><circle fill=\"currentColor\" cx=\"56.1\" cy=\"56.1\" r=\"55\"><\/circle><path fill=\"#FFFFFF\" d=\"M74.9,33.3H37.3c-7.4,0-13.4,6-13.4,13.4v18.8c0,7.4,6,13.4,13.4,13.4h37.6c7.4,0,13.4-6,13.4-13.4V46.7 C88.3,39.3,82.3,33.3,74.9,33.3L74.9,33.3z M65.9,57l-17.6,8.4c-0.5,0.2-1-0.1-1-0.6V47.5c0-0.5,0.6-0.9,1-0.6l17.6,8.9 C66.4,56,66.4,56.8,65.9,57L65.9,57z\"><\/path><\/svg><\/span>\n          <\/a>\n        <\/div>\n      <\/div>\n    <\/section>\n    \n    \n  \n","protected":false},"excerpt":{"rendered":"<p>Conoce el portal:&nbsp; FRAUDES FINANCIEROS Los defraudadores han buscado y posiblemente seguir\u00e1n buscando nuevas formas de estafar. Hoy lo hacen mediante el uso de sofisticadas tecnolog\u00edas, a lo que se le conoce como fraudes cibern\u00e9ticos. Como parte de las acciones para mitigar este tipo de delitos, en la CONDUSEF se cre\u00f3 el portal Fraudes Financieros, &hellip; <a href=\"https:\/\/emprendemas.mx\/index.php\/blog-1\/tipos-de-fraude\/\" class=\"more-link\">Continue reading<span class=\"screen-reader-text\"> &#8220;Cancelar&#8221;<\/span><\/a><\/p>\n","protected":false},"author":1,"featured_media":0,"parent":150,"menu_order":0,"comment_status":"closed","ping_status":"closed","template":"","meta":{"_joinchat":[],"footnotes":""},"class_list":["post-510","page","type-page","status-publish","hentry"],"_links":{"self":[{"href":"https:\/\/emprendemas.mx\/index.php\/wp-json\/wp\/v2\/pages\/510","targetHints":{"allow":["GET"]}}],"collection":[{"href":"https:\/\/emprendemas.mx\/index.php\/wp-json\/wp\/v2\/pages"}],"about":[{"href":"https:\/\/emprendemas.mx\/index.php\/wp-json\/wp\/v2\/types\/page"}],"author":[{"embeddable":true,"href":"https:\/\/emprendemas.mx\/index.php\/wp-json\/wp\/v2\/users\/1"}],"replies":[{"embeddable":true,"href":"https:\/\/emprendemas.mx\/index.php\/wp-json\/wp\/v2\/comments?post=510"}],"version-history":[{"count":25,"href":"https:\/\/emprendemas.mx\/index.php\/wp-json\/wp\/v2\/pages\/510\/revisions"}],"predecessor-version":[{"id":995,"href":"https:\/\/emprendemas.mx\/index.php\/wp-json\/wp\/v2\/pages\/510\/revisions\/995"}],"up":[{"embeddable":true,"href":"https:\/\/emprendemas.mx\/index.php\/wp-json\/wp\/v2\/pages\/150"}],"wp:attachment":[{"href":"https:\/\/emprendemas.mx\/index.php\/wp-json\/wp\/v2\/media?parent=510"}],"curies":[{"name":"wp","href":"https:\/\/api.w.org\/{rel}","templated":true}]}}