{"id":936,"date":"2021-10-08T17:14:20","date_gmt":"2021-10-08T17:14:20","guid":{"rendered":"https:\/\/emprendemas.mx\/index.php\/contacto\/"},"modified":"2026-03-13T11:57:56","modified_gmt":"2026-03-13T17:57:56","slug":"contacto","status":"publish","type":"page","link":"https:\/\/emprendemas.mx\/index.php\/contacto\/","title":{"rendered":"Contacto"},"content":{"rendered":"\n    \n    <section class=\"u-clearfix u-section-2\" id=\"carousel_8654\">\n      <div class=\"u-expanded-width u-shape u-shape-svg u-text-custom-color-2 u-shape-1\">\n        <svg class=\"u-svg-link\" preserveAspectRatio=\"none\" viewBox=\"0 0 160 160\" style=\"\"><use xlink:href=\"#svg-3ca7\"><\/use><\/svg>\n        <svg class=\"u-svg-content\" viewBox=\"0 0 160 160\" x=\"0px\" y=\"0px\" id=\"svg-3ca7\"><path d=\"M160,160H0V0L160,160z\"><\/path><\/svg>\n      <\/div>\n      <div class=\"data-layout-selected u-clearfix u-gutter-0 u-layout-spacing-top u-layout-wrap u-layout-wrap-1\">\n        <div class=\"u-layout\">\n          <div class=\"u-layout-row\">\n            <div class=\"u-align-left u-container-align-left u-container-style u-layout-cell u-left-cell u-size-36 u-layout-cell-1\">\n              <div class=\"u-container-layout u-container-layout-1\" src=\"\">\n                <img decoding=\"async\" class=\"u-image u-image-1\" src=\"https:\/\/emprendemas.mx\/wp-content\/uploads\/2021\/10\/080ecdc4-36ac-d42a-5a61-3fea69399f76.jpg\" data-image-width=\"1200\" data-image-height=\"799\">\n                <img decoding=\"async\" class=\"u-border-10 u-border-white u-image u-image-2\" src=\"https:\/\/emprendemas.mx\/wp-content\/uploads\/2021\/10\/e011c0e2-f4c4-22ae-6eab-b02ccab15cb1.jpg\" data-image-width=\"1200\" data-image-height=\"800\">\n                <div class=\"u-border-10 u-border-white u-image u-image-circle u-image-3\" data-image-width=\"1118\" data-image-height=\"1080\" data-animation-name=\"pulse\" data-animation-duration=\"3500\" data-animation-delay=\"0\" data-animation-direction=\"\" style=\"background-image: url(&quot;https:\/\/emprendemas.mx\/wp-content\/uploads\/2021\/10\/ffff-min.jpg&quot;);\"><\/div>\n              <\/div>\n            <\/div>\n            <div class=\"u-align-left u-container-align-left u-container-style u-layout-cell u-right-cell u-size-24 u-white u-layout-cell-2\">\n              <div class=\"u-container-layout u-container-layout-2\">\n                <h2 class=\"u-text u-text-1\">Contact\u00e1nos.<\/h2>\n                <div class=\"u-border-2 u-border-grey-75 u-expanded-width u-form u-form-1\">\n                  <form action=\"https:\/\/emprendemas.mx\/wp-content\/plugins\/nicepage\/templates\/form.php?id=936&formId=23e7-carousel_8654\" class=\"u-clearfix u-form-spacing-10 u-form-vertical u-inner-form\" style=\"padding: 10px;\" source=\"customphp\" name=\"form\">\n                    <div class=\"u-form-group u-form-name\">\n                      <label for=\"name-db91\" class=\"u-form-control-hidden u-label\">Nombre<\/label>\n                      <input type=\"text\" placeholder=\"Introduzca su nombre\" id=\"name-db91\" name=\"name\" class=\"u-border-2 u-border-grey-40 u-input u-input-rectangle\" required=\"\">\n                    <\/div>\n                    <div class=\"u-form-email u-form-group\">\n                      <label for=\"email-db91\" class=\"u-form-control-hidden u-label\">Email<\/label>\n                      <input type=\"email\" placeholder=\"Introduzca una direcci\u00f3n de correo electr\u00f3nico v\u00e1lida\" id=\"email-db91\" name=\"email\" class=\"u-border-2 u-border-grey-40 u-input u-input-rectangle\" required=\"\">\n                    <\/div>\n                    <div class=\"u-form-group u-form-phone u-form-group-3\">\n                      <label for=\"phone-009b\" class=\"u-form-control-hidden u-label\">Tel\u00e9fono<\/label>\n                      <input type=\"tel\" pattern=\"\\+?\\d{0,3}[\\s\\(\\-]?([0-9]{2,3})[\\s\\)\\-]?([\\s\\-]?)([0-9]{3})[\\s\\-]?([0-9]{2})[\\s\\-]?([0-9]{2})\" placeholder=\"Ingrese su tel\u00e9fono (por ejemplo, +14155552675)\" id=\"phone-009b\" name=\"phone\" class=\"u-border-2 u-border-grey-40 u-input u-input-rectangle\" required=\"\">\n                    <\/div>\n                    <div class=\"u-form-group u-form-message\">\n                      <label for=\"message-db91\" class=\"u-form-control-hidden u-label\">Mensaje<\/label>\n                      <textarea placeholder=\"Ingrese su mensaje\" rows=\"4\" cols=\"50\" id=\"message-db91\" name=\"message\" class=\"u-border-2 u-border-grey-40 u-input u-input-rectangle\" required=\"\"><\/textarea>\n                    <\/div>\n                    <div class=\"u-align-left u-form-group u-form-submit\">\n                      <a href=\"#\" class=\"u-btn u-btn-submit u-button-style u-custom-color-3 u-btn-1\">Enviar<\/a>\n                      <input type=\"submit\" value=\"submit\" class=\"u-form-control-hidden\">\n                    <\/div>\n                    <div class=\"u-form-send-message u-form-send-success\">\u00a1Gracias! Tu mensaje ha sido enviado.<\/div>\n                    <div class=\"u-form-send-error u-form-send-message\"> No se puede enviar su mensaje. Por favor, corrija los errores y vuelva a intentarlo. <\/div>\n                    <input type=\"hidden\" value=\"\" name=\"recaptchaResponse\">\n                  <\/form>\n                <\/div>\n              <\/div>\n            <\/div>\n          <\/div>\n        <\/div>\n      <\/div>\n    <\/section>\n    \n    \n    \n    \n  \n","protected":false},"excerpt":{"rendered":"<p>Contact\u00e1nos. Nombre Email Tel\u00e9fono Mensaje Enviar \u00a1Gracias! Tu mensaje ha sido enviado. No se puede enviar su mensaje. Por favor, corrija los errores y vuelva a intentarlo.<\/p>\n","protected":false},"author":1,"featured_media":0,"parent":0,"menu_order":3,"comment_status":"closed","ping_status":"closed","template":"","meta":{"_joinchat":[],"footnotes":""},"class_list":["post-936","page","type-page","status-publish","hentry"],"_links":{"self":[{"href":"https:\/\/emprendemas.mx\/index.php\/wp-json\/wp\/v2\/pages\/936","targetHints":{"allow":["GET"]}}],"collection":[{"href":"https:\/\/emprendemas.mx\/index.php\/wp-json\/wp\/v2\/pages"}],"about":[{"href":"https:\/\/emprendemas.mx\/index.php\/wp-json\/wp\/v2\/types\/page"}],"author":[{"embeddable":true,"href":"https:\/\/emprendemas.mx\/index.php\/wp-json\/wp\/v2\/users\/1"}],"replies":[{"embeddable":true,"href":"https:\/\/emprendemas.mx\/index.php\/wp-json\/wp\/v2\/comments?post=936"}],"version-history":[{"count":4,"href":"https:\/\/emprendemas.mx\/index.php\/wp-json\/wp\/v2\/pages\/936\/revisions"}],"predecessor-version":[{"id":1359,"href":"https:\/\/emprendemas.mx\/index.php\/wp-json\/wp\/v2\/pages\/936\/revisions\/1359"}],"wp:attachment":[{"href":"https:\/\/emprendemas.mx\/index.php\/wp-json\/wp\/v2\/media?parent=936"}],"curies":[{"name":"wp","href":"https:\/\/api.w.org\/{rel}","templated":true}]}}